{"id":10332,"date":"2024-07-12T15:13:18","date_gmt":"2024-07-12T13:13:18","guid":{"rendered":"https:\/\/www.crossquestions.org\/?page_id=10332"},"modified":"2024-07-12T15:49:18","modified_gmt":"2024-07-12T13:49:18","slug":"privacy-policy","status":"publish","type":"page","link":"https:\/\/www.crossquestions.org\/de\/privacy-policy\/","title":{"rendered":"Datenschutz"},"content":{"rendered":"<div data-elementor-type=\"wp-page\" data-elementor-id=\"10332\" class=\"elementor elementor-10332\">\n\t\t\t\t\t\t<section class=\"elementor-section elementor-top-section elementor-element elementor-element-7b590965 elementor-section-boxed elementor-section-height-default elementor-section-height-default\" data-id=\"7b590965\" data-element_type=\"section\" data-e-type=\"section\">\n\t\t\t\t\t\t<div class=\"elementor-container elementor-column-gap-default\">\n\t\t\t\t\t<div class=\"elementor-column elementor-col-100 elementor-top-column elementor-element elementor-element-16cd3009\" data-id=\"16cd3009\" data-element_type=\"column\" data-e-type=\"column\">\n\t\t\t<div class=\"elementor-widget-wrap elementor-element-populated\">\n\t\t\t\t\t\t<div class=\"elementor-element elementor-element-1721186d elementor-widget elementor-widget-text-editor\" data-id=\"1721186d\" data-element_type=\"widget\" data-e-type=\"widget\" data-widget_type=\"text-editor.default\">\n\t\t\t\t<div class=\"elementor-widget-container\">\n\t\t\t\t\t\t\t\t\t<p><\/p>\n<h1 class=\"wp-block-heading\"><strong>Datenschutz<\/strong><\/h1>\n<p><\/p>\n<p><\/p>\n<h2 class=\"wp-block-heading\">Wer wir sind<\/h2>\n<p><\/p>\n<p><\/p>\n<p>Wir sind eine christliche Organisation. Wir dienen Jesus allein. F\u00fcr mehr Informationen, besuchen Sie hier: <a href=\"https:\/\/crossquestions.org\/about\/\">crossquestions.org\/about<\/a><\/p>\n<p><\/p>\n<p><\/p>\n<h2 class=\"wp-block-heading\">Arten der erfassten Daten<\/h2>\n<p><\/p>\n<p><\/p>\n<h4 class=\"wp-block-heading\">Personenbezogene Daten<\/h4>\n<p><\/p>\n<p><\/p>\n<p>Im Rahmen der Nutzung unseres Dienstes bitten wir Sie gegebenenfalls um die Zurverf\u00fcgungstellung bestimmter pers\u00f6nlich identifizierbarer Daten, die wir dazu nutzen, um Sie zu kontaktieren oder zu identifizieren (\u201epersonenbezogene Daten\u201c). Pers\u00f6nlich identifizierbare Daten umfassen beispielsweise folgende Daten (sind jedoch nicht auf diese beschr\u00e4nkt): 1. Email addresse 2. Cookies und Nutzungsdaten 3. Kommentare 4. Review und Feedback.<\/p>\n<p><\/p>\n<p><\/p>\n<p>Wir nutzen Ihre personenbezogenen Daten gegebenenfalls daf\u00fcr, um Ihnen Newsletters, Marketing- oder Werbematerialien und sonstige Informationen zu \u00fcbersenden, die f\u00fcr Sie von Interesse sein k\u00f6nnten. Sie k\u00f6nnen bestimmte oder alle unserer derartigen Mitteilungen deaktivieren, indem Sie auf den entsprechenden Deaktivierungslink klicken, die diesbez\u00fcglichen Anweisungen in unseren E-Mails befolgen oder Kontakt zu uns aufnehmen.<\/p>\n<p><\/p>\n<p><\/p>\n<h2 class=\"wp-block-heading\">Rechtliche Grundlage f\u00fcr die Verarbeitung personenbezogener Daten<\/h2>\n<p><\/p>\n<p><\/p>\n<p>Es h\u00e4ngt die rechtliche Grundlage von CrossQuestions f\u00fcr die Erfassung und Nutzung der in dieser Datenschutz-Richtlinie beschriebenen personenbezogenen Daten von den von uns erfassten personenbezogenen Daten sowie von dem erfassungsspezifischen Kontext ab.<\/p>\n<p><\/p>\n<p><\/p>\n<p>Wir bei CrossQuestions k\u00f6nnen Ihre personenbezogenen Daten aus folgenden Gr\u00fcnden verarbeiten:<\/p>\n<p><\/p>\n<p><\/p>\n<ul class=\"wp-block-list\">\n<li>Wir m\u00fcssen mit Ihnen eingegangen Vertrag erf\u00fcllen.<\/li>\n<li>Sie haben uns hierzu Ihre Zustimmung erteilt.<\/li>\n<li>Die Verarbeitung dient unseren legitimen Interessen, und diese sind Ihren Rechten gegen\u00fcber nicht nachrangig.<\/li>\n<li>Die Verarbeitung dient Zahlungsverarbeitungszwecken.<\/li>\n<li>Die Verarbeitung dient der Einhaltung der gesetzlichen Bestimmungen.<\/li>\n<\/ul>\n<p><\/p>\n<p><\/p>\n<h2 class=\"wp-block-heading\">Aufbewahrung von Daten<\/h2>\n<p><\/p>\n<p><\/p>\n<p>CrossQuestions wird Ihre personenbezogenen Daten nur so lange aufbewahren, wie dies f\u00fcr die Zwecke dieser Datenschutz-Richtlinie erforderlich ist. Wir werden Ihre personenbezogenen Daten in dem Umfang aufbewahren und nutzen, wie es f\u00fcr die Erf\u00fcllung unserer gesetzlichen Pflichten (falls wir Ihre Daten beispielsweise zur Einhaltung anwendbarer Gesetze aufbewahren m\u00fcssen), zur Beilegung von Streitigkeiten sowie zur Durchsetzung unserer rechtlichen Vereinbarungen und Richtlinien erforderlich ist.<\/p>\n<p><\/p>\n<p><\/p>\n<p>CrossQuestions wird au\u00dferdem Nutzungsdaten f\u00fcr interne Analysezwecke aufbewahren. Nutzungsdaten werden \u00fcblicherweise f\u00fcr k\u00fcrzere Zeitr\u00e4ume aufbewahrt, soweit diese nicht f\u00fcr eine Verst\u00e4rkung unserer Sicherheitsvorkehrungen oder eine Verbesserung der Funktionalit\u00e4t unseres Dienstes eingesetzt werden oder wir nicht gesetzlich zu einer l\u00e4ngeren Aufbewahrung verpflichtet sind.<\/p>\n<p><\/p>\n<p><\/p>\n<h2 class=\"wp-block-heading\">Datensicherheit<\/h2>\n<p><\/p>\n<p><\/p>\n<p>Die Sicherheit Ihrer Daten ist uns wichtig. Bitte vergessen Sie jedoch nicht, dass es keine \u00dcbertragungsmethoden \u00fcber das Internet und keine elektronischen Speichermedien gibt, die 100 % sicher sind. Obwohl wir stets bem\u00fcht sind, kommerziell annehmbare Ma\u00dfnahmen zum Schutz Ihrer personenbezogenen Daten umzusetzen, k\u00f6nnen wir eine absolute Sicherheit nicht garantieren.<\/p>\n<p><\/p>\n<p><\/p>\n<h2 class=\"wp-block-heading\">Datentransfer<\/h2>\n<p><\/p>\n<p><\/p>\n<p>Wir werden Ihre Daten niemals an andere Unternehmen weitergeben und wenn wir einige Ihrer Daten weitergeben, dann nur innerhalb von crossquestions.org<\/p>\n<p><\/p>\n<p><\/p>\n<h2 class=\"wp-block-heading\">Ihre Datenschutzrechte<\/h2>\n<p><\/p>\n<p><\/p>\n<p>CrossQuestions ist bestrebt, zumutbare Ma\u00dfnahmen umzusetzen, die es Ihnen erlauben, Ihre personenbezogenen Daten zu korrigieren, zu \u00e4ndern, zu l\u00f6schen oder deren Nutzung zu beschr\u00e4nken<\/p>\n<p><\/p>\n<p><\/p>\n<p>Falls Sie in Erfahrung bringen m\u00f6chten, welche personenbezogenen Daten wir zu Ihnen gespeichert haben, und falls Sie eine L\u00f6schung Ihrer Daten aus unserem System w\u00fcnschen, nehmen Sie bitte Kontakt zu uns auf.<\/p>\n<p><\/p>\n<p><\/p>\n<p>Unter bestimmten Umst\u00e4nden haben Sie die folgenden Datenschutzrechte:<\/p>\n<p><\/p>\n<p><\/p>\n<ul class=\"wp-block-list\">\n<li><strong>Das Recht auf Zugriff auf die Daten, die wir zu Ihnen gespeichert haben, sowie auf deren Aktualisierung bzw. L\u00f6schung:<\/strong>\u00a0Soweit dies jeweils m\u00f6glich ist, k\u00f6nnen Sie auf Ihre personenbezogenen Daten direkt in dem Abschnitt mit Ihren Account-Einstellungen zugreifen sowie diese aktualisieren bzw. um deren L\u00f6schung bitten. Falls es Ihnen nicht m\u00f6glich ist, diese Handlungen selbst vorzunehmen, nehmen Sie bitte Kontakt zu uns auf, damit wir Ihnen behilflich sein k\u00f6nnen.<\/li>\n<li><strong>Das Recht auf Berichtigung:<\/strong>\u00a0Sie haben das Recht auf Berichtigung Ihrer Daten, falls diese unzutreffend oder unvollst\u00e4ndig sein sollten.<\/li>\n<li><strong>Das Recht auf Widerspruch:<\/strong>\u00a0Sie haben das Recht, einer Verarbeitung Ihrer personenbezogenen Daten durch uns zu widersprechen.<\/li>\n<li><strong>Das Recht auf Beschr\u00e4nkung:<\/strong>\u00a0Sie haben das Recht, die Verarbeitung Ihrer personenbezogenen Daten durch uns zu beschr\u00e4nken.<\/li>\n<li><strong>Das Recht auf Datenportabilit\u00e4t:<\/strong>\u00a0Sie haben das Recht, von uns die Aush\u00e4ndigung einer Abschrift der Daten, die wir zu Ihnen gespeichert haben, in einem strukturierten, maschinenlesbaren und \u00fcblichen Format zu verlangen.<\/li>\n<li><strong>Das Recht auf Zustimmungsr\u00fccknahme:<\/strong>\u00a0Sie haben au\u00dferdem das Recht, Ihre Zustimmung in F\u00e4llen, in denen CrossQuestions sich auf Ihre Zustimmung zur Verarbeitung Ihrer personenbezogenen Daten verlassen hat, jederzeit zur\u00fcckzunehmen.<\/li>\n<\/ul>\n<p><\/p>\n<p><\/p>\n<p>Bitte nehmen Sie zur Kenntnis, dass wir vor einer Bearbeitung solcher Anfragen gegebenenfalls Ihre Identit\u00e4t \u00fcberpr\u00fcfen.<\/p>\n<p><\/p>\n<p><\/p>\n<p>You have the right to complain to a Data Protection Authority about our collection and use of your Personal Data.<\/p>\n<p><\/p>\n<p><\/p>\n<h2 class=\"wp-block-heading\">Zahlungen<\/h2>\n<p><\/p>\n<p><\/p>\n<p>Wir stellen gegebenenfalls entgeltliche Produkte und\/oder Dienstleistungen innerhalb unseres Dienstes zur Verf\u00fcgung. In diesem Fall setzen wir dritte Zahlungsanbieter f\u00fcr die Zahlungsbearbeitung ein.<\/p>\n<p><\/p>\n<p><\/p>\n<p>Wir werden Ihre Zahlungskartenangaben weder speichern noch erfassen. Diese Daten werden direkt den genannten dritten Zahlungsanbietern \u00fcbermittelt, deren Nutzung Ihrer personenbezogenen Daten deren jeweiliger Datenschutz-Richtlinie (Privacy Policy) unterliegt. Die genannten Zahlungsanbieter halten sich an die Standards, die von PCI-DSS unter Verwaltung des PCI Security Standards Council erstellt wurden. Letzterer ist ein gemeinsames Projekt von Markennamen wie beispielsweise Visa, MasterCard, American Express und Discover. Die PCI-DSS-Anforderungen unterst\u00fctzen eine sichere Handhabung von Zahlungsdaten.<\/p>\n<p><\/p>\n<p><\/p>\n<p>Bei den von uns eingesetzten Zahlungsanbietern handelt es sich um:<\/p>\n<p><\/p>\n<p><\/p>\n<ul class=\"wp-block-list\">\n<li><strong>Stripe:<\/strong>Die Datenschutz-Richtlinie (Privacy Policy) von Stripe k\u00f6nnen Sie hier einsehen:\u00a0<a href=\"https:\/\/stripe.com\/us\/privacy\" target=\"_blank\" rel=\"noopener\">https:\/\/stripe.com\/us\/privacy<\/a><\/li>\n<li><strong>PayPal \/ Braintree:<\/strong>Die Datenschutz-Richtlinie (Privacy Policy) von Stripe k\u00f6nnen Sie hier einsehen:\u00a0<a href=\"https:\/\/www.paypal.com\/webapps\/mpp\/ua\/privacy-full\" target=\"_blank\" rel=\"noopener\">https:\/\/www.paypal.com\/webapps\/mpp\/ua\/privacy-full<\/a><\/li>\n<\/ul>\n<p><\/p>\n<p><\/p>\n<h2 class=\"wp-block-heading\">Links zu anderen Websites<\/h2>\n<p><\/p>\n<p><\/p>\n<p>Unser Dienst kann Links zu anderen Websites enthalten, die nicht von uns betrieben werden. Wenn Sie auf einen Drittlink klicken, werden Sie direkt auf die Website des betreffenden Dritten weitergeleitet. Wir empfehlen Ihnen dringend, sich jeweils die Datenschutz-Richtlinien aller von Ihnen besuchten Websites durchzulesen.<\/p>\n<p><\/p>\n<p><\/p>\n<p>Andere Websites sind:<\/p>\n<p><\/p>\n<p><\/p>\n<p><strong>Teespring: <\/strong><a href=\"https:\/\/teespring.com\/\" target=\"_blank\" rel=\"noopener\">https:\/\/teespring.com\/ <\/a> und Unsere seite: <a href=\"https:\/\/christian-shop-crossquestions.creator-spring.com\/\" target=\"_blank\" rel=\"noopener\">https:\/\/christian-shop-crossquestions.creator-spring.com\/<\/a><\/p>\n<p><\/p>\n<p><\/p>\n<p><strong>Redbubble:<\/strong> <a href=\"https:\/\/www.redbubble.com\/\" target=\"_blank\" rel=\"noopener\">www.redbubble.com<\/a> und Unsere seite: <a href=\"https:\/\/www.redbubble.com\/people\/crossquestions\/shop?asc=uhttps:\/\/www.redbubble.com\/people\/crossquestions\/shop?asc=u\" target=\"_blank\" rel=\"noopener\">crossquestions.redbubble.com<\/a><\/p>\n<p><\/p>\n<p><\/p>\n<p>Diese Websites k\u00f6nnen Daten \u00fcber Sie sammeln, Cookies verwenden, zus\u00e4tzliche Trackingfunktionen von Dritten einbetten und Ihre Interaktion mit diesen eingebetteten Inhalten \u00fcberwachen, einschlie\u00dflich der Verfolgung Ihrer Interaktion mit den eingebetteten Inhalten, wenn Sie ein Konto haben und auf dieser Website angemeldet sind.<\/p>\n<p><\/p>\n<p><\/p>\n<h2 class=\"wp-block-heading\">\u00c4nderungen dieser Datenschutz-Richtlinie<\/h2>\n<p><\/p>\n<p><\/p>\n<p>Wir k\u00f6nnen unsere Datenschutz-Richtlinie von Zeit zu Zeit aktualisieren. Jegliche solcher \u00c4nderungen teilen wir Ihnen mit, indem wir die aktualisierte Fassung auf dieser Seite ver\u00f6ffentlichen.<\/p>\n<p><\/p>\n<p><\/p>\n<p>Wir werden Sie vor dem Inkrafttreten der betreffenden \u00c4nderung per E-Mail und\/oder mittels einer sonstigen sichtbaren Mitteilung innerhalb unseres Dienstes informieren und das \u201eDatum des Inkrafttretens\u201c am Beginn dieser Datenschutz-Richtlinie aktualisieren.<\/p>\n<p><\/p>\n<p><\/p>\n<p>Wir empfehlen Ihnen, diese Datenschutz-Richtlinie regelm\u00e4\u00dfig auf \u00c4nderungen hin durchzusehen. \u00c4nderungen dieser Datenschutz-Richtlinie werden im Zeitpunkt ihrer Ver\u00f6ffentlichung auf dieser Seite wirksam.<\/p>\n<p><\/p>\n<p><\/p>\n<h2 class=\"wp-block-heading\">Kontaktaufnahme<\/h2>\n<p><\/p>\n<p><\/p>\n<p>F\u00fcr alle Anfragen zu Ihren Daten oder unseren Produkten: <a href=\"https:\/\/crossquestions.org\/contact-us\/\">https:\/\/crossquestions.org\/contact-us\/<\/a><\/p>\n<p><\/p>\t\t\t\t\t\t\t\t<\/div>\n\t\t\t\t<\/div>\n\t\t\t\t\t<\/div>\n\t\t<\/div>\n\t\t\t\t\t<\/div>\n\t\t<\/section>\n\t\t\t\t<\/div>","protected":false},"excerpt":{"rendered":"<p>Privacy Policy Who we are We are Christian Organisation. We serve Jesus alone. For more information check out: crossquestions.org\/about Types of Data Collected Personal Data While using our Service, we may ask you to provide us with certain personally identifiable information that can be used to contact or identify you (\u201cPersonal Data\u201d). Personally, identifiable information [&hellip;]<\/p>\n","protected":false},"author":1,"featured_media":0,"parent":0,"menu_order":0,"comment_status":"closed","ping_status":"closed","template":"","meta":{"give_campaign_id":0,"nf_dc_page":"","site-sidebar-layout":"default","site-content-layout":"","ast-site-content-layout":"default","site-content-style":"default","site-sidebar-style":"default","ast-global-header-display":"","ast-banner-title-visibility":"","ast-main-header-display":"","ast-hfb-above-header-display":"","ast-hfb-below-header-display":"","ast-hfb-mobile-header-display":"","site-post-title":"","ast-breadcrumbs-content":"","ast-featured-img":"","footer-sml-layout":"","ast-disable-related-posts":"","theme-transparent-header-meta":"","adv-header-id-meta":"","stick-header-meta":"","header-above-stick-meta":"","header-main-stick-meta":"","header-below-stick-meta":"","astra-migrate-meta-layouts":"set","ast-page-background-enabled":"default","ast-page-background-meta":{"desktop":{"background-color":"","background-image":"","background-repeat":"repeat","background-position":"center center","background-size":"auto","background-attachment":"scroll","background-type":"","background-media":"","overlay-type":"","overlay-color":"","overlay-opacity":"","overlay-gradient":""},"tablet":{"background-color":"","background-image":"","background-repeat":"repeat","background-position":"center center","background-size":"auto","background-attachment":"scroll","background-type":"","background-media":"","overlay-type":"","overlay-color":"","overlay-opacity":"","overlay-gradient":""},"mobile":{"background-color":"","background-image":"","background-repeat":"repeat","background-position":"center center","background-size":"auto","background-attachment":"scroll","background-type":"","background-media":"","overlay-type":"","overlay-color":"","overlay-opacity":"","overlay-gradient":""}},"ast-content-background-meta":{"desktop":{"background-color":"var(--ast-global-color-5)","background-image":"","background-repeat":"repeat","background-position":"center center","background-size":"auto","background-attachment":"scroll","background-type":"","background-media":"","overlay-type":"","overlay-color":"","overlay-opacity":"","overlay-gradient":""},"tablet":{"background-color":"var(--ast-global-color-5)","background-image":"","background-repeat":"repeat","background-position":"center center","background-size":"auto","background-attachment":"scroll","background-type":"","background-media":"","overlay-type":"","overlay-color":"","overlay-opacity":"","overlay-gradient":""},"mobile":{"background-color":"var(--ast-global-color-5)","background-image":"","background-repeat":"repeat","background-position":"center center","background-size":"auto","background-attachment":"scroll","background-type":"","background-media":"","overlay-type":"","overlay-color":"","overlay-opacity":"","overlay-gradient":""}},"footnotes":""},"class_list":["post-10332","page","type-page","status-publish","hentry"],"campaignId":"","_links":{"self":[{"href":"https:\/\/www.crossquestions.org\/de\/wp-json\/wp\/v2\/pages\/10332","targetHints":{"allow":["GET"]}}],"collection":[{"href":"https:\/\/www.crossquestions.org\/de\/wp-json\/wp\/v2\/pages"}],"about":[{"href":"https:\/\/www.crossquestions.org\/de\/wp-json\/wp\/v2\/types\/page"}],"author":[{"embeddable":true,"href":"https:\/\/www.crossquestions.org\/de\/wp-json\/wp\/v2\/users\/1"}],"replies":[{"embeddable":true,"href":"https:\/\/www.crossquestions.org\/de\/wp-json\/wp\/v2\/comments?post=10332"}],"version-history":[{"count":5,"href":"https:\/\/www.crossquestions.org\/de\/wp-json\/wp\/v2\/pages\/10332\/revisions"}],"predecessor-version":[{"id":10347,"href":"https:\/\/www.crossquestions.org\/de\/wp-json\/wp\/v2\/pages\/10332\/revisions\/10347"}],"wp:attachment":[{"href":"https:\/\/www.crossquestions.org\/de\/wp-json\/wp\/v2\/media?parent=10332"}],"curies":[{"name":"wp","href":"https:\/\/api.w.org\/{rel}","templated":true}]}}