{"id":4281,"date":"2021-06-15T12:39:23","date_gmt":"2021-06-15T10:39:23","guid":{"rendered":"https:\/\/crossquestions.org\/?page_id=4281"},"modified":"2021-06-24T16:56:57","modified_gmt":"2021-06-24T14:56:57","slug":"terms-of-use","status":"publish","type":"page","link":"https:\/\/www.crossquestions.org\/de\/terms-of-use\/","title":{"rendered":"Nutzungsbedingungen"},"content":{"rendered":"<h1 class=\"wp-block-heading\"><strong>Nutzungsbedingungen<\/strong> <\/h1>\n\n\n\n<p><strong>Genehmigungen<\/strong><\/p>\n\n\n\n<p>CrossQuestions ist mit der Verwaltung des von ihr geschaffenen geistigen Eigentums, einschlie\u00dflich der Urheberrechte, betraut. CrossQuestions ermutigt die Nutzung seiner Ressourcen, um das Evangelium mit anderen Menschen zu teilen. CrossQuestions gleicht diesen Wunsch durch den Zugang zu seinen Ressourcen mit den rechtlichen Anforderungen zum Schutz dieser Ressourcen aus. Daher ist jegliche Nutzung, Vervielf\u00e4ltigung oder Verbreitung (online oder anderweitig) von Inhalten, die Eigentum von CrossQuestions sind, nicht gestattet und muss in \u00dcbereinstimmung mit den Bedingungen dieser Nutzungsbedingungen erfolgen. Die Erlaubnis zur Verwendung von Inhalten, die einer anderen Person oder Organisation als CrossQuestions geh\u00f6ren oder von dieser erstellt wurden, muss direkt von dieser Person oder Organisation eingeholt werden. Dazu geh\u00f6ren Artikel, Publikationen, gedruckte oder digitale Ressourcen usw. <\/p>\n\n\n\n<p><strong>B\u00fccher &amp; Traktate<\/strong><\/p>\n\n\n\n<p>Zu den gedruckten Ressourcen geh\u00f6ren B\u00fccher, Traktate, gedruckte Lehrmaterialien usw. - Die Verwendung von CrossQuestions Print-Ressourcen unterliegt den folgenden Bedingungen:<\/p>\n\n\n\n<ul class=\"wp-block-list\"><li>Traktate und B\u00fccher, die von Anil Kumar verfasst wurden - Diese sind speziell von CrossQuestions und sollten nicht kopiert oder weiterverwendet oder ausgedruckt werden. copyright@crossquestions.org. <\/li><li>Alle unsere Produkte sind nur auf crossquestions.org erh\u00e4ltlich und gesch\u00fctzt.<\/li><\/ul>\n\n\n\n<h5 class=\"wp-block-heading\"><strong>Medien<\/strong><\/h5>\n\n\n\n<p>Bitte missbrauchen Sie nicht unsere Interview-Videos, die nur auf CrossQuestions YouTube verf\u00fcgbar sind. Sie k\u00f6nnen die Video-Links teilen, aber f\u00fcgen Sie nicht Ihre eigenen Daten zu unseren Videos hinzu.<\/p>\n\n\n\n<p><strong>Datenschutz<\/strong><\/p>\n\n\n\n<p>Lesen Sie einfach unseren <a href=\"https:\/\/crossquestions.org\/privacy-policy\/\" title=\"Datenschutz\">Datenschutz<\/a> f\u00fcr weitere Details.<\/p>","protected":false},"excerpt":{"rendered":"<p>Terms of Use Permissions CrossQuestions is entrusted with the stewardship of the intellectual property, including copyrights, that it creates. CrossQuestions encourages the use of its resources to share the Gospel with other people. CrossQuestions balances this desire through access to its resources with its legal requirements to preserve these resources. Therefore, any use, reproduction, or [&hellip;]<\/p>\n","protected":false},"author":1,"featured_media":0,"parent":0,"menu_order":0,"comment_status":"closed","ping_status":"closed","template":"","meta":{"give_campaign_id":0,"nf_dc_page":"","site-sidebar-layout":"default","site-content-layout":"default","ast-site-content-layout":"default","site-content-style":"default","site-sidebar-style":"default","ast-global-header-display":"","ast-banner-title-visibility":"","ast-main-header-display":"","ast-hfb-above-header-display":"","ast-hfb-below-header-display":"","ast-hfb-mobile-header-display":"","site-post-title":"disabled","ast-breadcrumbs-content":"","ast-featured-img":"","footer-sml-layout":"","ast-disable-related-posts":"","theme-transparent-header-meta":"default","adv-header-id-meta":"","stick-header-meta":"","header-above-stick-meta":"","header-main-stick-meta":"","header-below-stick-meta":"","astra-migrate-meta-layouts":"default","ast-page-background-enabled":"default","ast-page-background-meta":{"desktop":{"background-color":"","background-image":"","background-repeat":"repeat","background-position":"center center","background-size":"auto","background-attachment":"scroll","background-type":"","background-media":"","overlay-type":"","overlay-color":"","overlay-opacity":"","overlay-gradient":""},"tablet":{"background-color":"","background-image":"","background-repeat":"repeat","background-position":"center center","background-size":"auto","background-attachment":"scroll","background-type":"","background-media":"","overlay-type":"","overlay-color":"","overlay-opacity":"","overlay-gradient":""},"mobile":{"background-color":"","background-image":"","background-repeat":"repeat","background-position":"center center","background-size":"auto","background-attachment":"scroll","background-type":"","background-media":"","overlay-type":"","overlay-color":"","overlay-opacity":"","overlay-gradient":""}},"ast-content-background-meta":{"desktop":{"background-color":"var(--ast-global-color-5)","background-image":"","background-repeat":"repeat","background-position":"center center","background-size":"auto","background-attachment":"scroll","background-type":"","background-media":"","overlay-type":"","overlay-color":"","overlay-opacity":"","overlay-gradient":""},"tablet":{"background-color":"var(--ast-global-color-5)","background-image":"","background-repeat":"repeat","background-position":"center center","background-size":"auto","background-attachment":"scroll","background-type":"","background-media":"","overlay-type":"","overlay-color":"","overlay-opacity":"","overlay-gradient":""},"mobile":{"background-color":"var(--ast-global-color-5)","background-image":"","background-repeat":"repeat","background-position":"center center","background-size":"auto","background-attachment":"scroll","background-type":"","background-media":"","overlay-type":"","overlay-color":"","overlay-opacity":"","overlay-gradient":""}},"footnotes":""},"class_list":["post-4281","page","type-page","status-publish","hentry"],"campaignId":"","_links":{"self":[{"href":"https:\/\/www.crossquestions.org\/de\/wp-json\/wp\/v2\/pages\/4281","targetHints":{"allow":["GET"]}}],"collection":[{"href":"https:\/\/www.crossquestions.org\/de\/wp-json\/wp\/v2\/pages"}],"about":[{"href":"https:\/\/www.crossquestions.org\/de\/wp-json\/wp\/v2\/types\/page"}],"author":[{"embeddable":true,"href":"https:\/\/www.crossquestions.org\/de\/wp-json\/wp\/v2\/users\/1"}],"replies":[{"embeddable":true,"href":"https:\/\/www.crossquestions.org\/de\/wp-json\/wp\/v2\/comments?post=4281"}],"version-history":[{"count":5,"href":"https:\/\/www.crossquestions.org\/de\/wp-json\/wp\/v2\/pages\/4281\/revisions"}],"predecessor-version":[{"id":4828,"href":"https:\/\/www.crossquestions.org\/de\/wp-json\/wp\/v2\/pages\/4281\/revisions\/4828"}],"wp:attachment":[{"href":"https:\/\/www.crossquestions.org\/de\/wp-json\/wp\/v2\/media?parent=4281"}],"curies":[{"name":"wp","href":"https:\/\/api.w.org\/{rel}","templated":true}]}}