{"id":10310,"date":"2024-07-10T17:59:04","date_gmt":"2024-07-10T15:59:04","guid":{"rendered":"https:\/\/www.crossquestions.org\/?post_type=product&#038;p=10310"},"modified":"2025-07-29T16:21:50","modified_gmt":"2025-07-29T14:21:50","slug":"dog-facts-card","status":"publish","type":"product","link":"https:\/\/www.crossquestions.org\/de\/produkt\/dog-facts-card\/","title":{"rendered":"''Hundefakten'' Karte"},"content":{"rendered":"","protected":false},"excerpt":{"rendered":"<p><strong>(50er Pack z.Zt. 20% Rabatt)<\/strong><\/p>\n<p><img decoding=\"async\" class=\"alignnone wp-image-5916\" src=\"https:\/\/crossquestions.org\/wp-content\/uploads\/2021\/11\/CrossQuestions.org_BestSeller.png\" alt=\"BestSeller_CrossQuestions.org\" width=\"106\" height=\"26\" srcset=\"\" sizes=\"(max-width: 106px) 100vw, 106px\" data-srcset=\"\" \/><span style=\"color: #01818a;\">in<\/span> <a href=\"https:\/\/crossquestions.org\/de\/produkt-kategorie\/cards\/\"><span style=\"color: #6596f7;\"><span style=\"color: #01818a;\"><strong>Karten<\/strong><\/span><\/span><\/a><\/p>\n<pre><strong>Bestelle 1-6 Pack f\u00fcr je \u20ac3,99 und spare 20%<\/strong> \r\n<strong>Bestelle 7-9 Pack f\u00fcr je \u20ac3,49 und spare 30% <\/strong>\r\n<strong>Bestelle 10+ Pack f\u00fcr je <span class=\"woocommerce-Price-currencySymbol\">\u20ac2<\/span>,99 und spare 40% <\/strong><\/pre>\n<ul>\n<li>Hallo! Sie haben einen wundersch\u00f6nen Hund! Wie hei\u00dft Ihr Hund? Auf diese Weise\nkannst Du dieses Traktat auf eine sehr freundliche Art und Weise geben.<\/li>\n<li>Dieses Traktat bringt Dich ins Gespr\u00e4ch mit Menschen \u00fcber ihre Liebe, die sie f\u00fcr\nihren Hund empfinden, und dann kannst Du \u00fcberlenken und von Jesus sprechen.<\/li>\n<li>Diese Karte ist ein Muss und sollte von jedem christlichen Gl\u00e4ubigen getragen\nwerden, um sie den Hundeliebhabern zu geben.<\/li>\n<li>Steck diese Karten einfach immer in Deine Tasche, damit Du nie ohne ein gutes Traktat bist. \u2013 Gott kann Dich zu Menschen f\u00fchren.<\/li>\n<li>Diese Karten sind sehr handlich und attraktiv.<\/li>\n<li>Diese Karte hat ein farbenfrohes Design.<\/li>\n<li>Dieses Evangelium-Traktat ist ein wirkungsvolles Mittel, um die gute Nachricht von\nJesus Christus weiterzugeben.<\/li>\n<li>Der beste Teil von dieser Hundefakten-Karte ist, dass sich ein sehr gut formuliertes\nEvangelium auf der R\u00fcckseite der Karte befindet.<\/li>\n<li>Hundefakten-Karten Anzahl: 50 St.\/ Pack. Sprache: Deutsch.<\/li>\n<li>Wir bieten diese Traktate an, nicht um Gewinn zu erzielen; es fallen lediglich die Druck-, Design- und Arbeitskosten an.<\/li>\n<li>Wenn Du diese Traktate bestellst, wird das Geld in das Werk des Herrn fliessen und ausschliesslich verwendet werden:\n<ul>\n<li style=\"list-style-type: none;\">\n<ul>\n<li>f\u00fcr Material zum Schreiben und Drucken von B\u00fcchern f\u00fcr Ungl\u00e4ubige<\/li>\n<li>f\u00fcr die Gestaltung der Traktate<\/li>\n<li>um Videos zu erstellen<\/li>\n<li>f\u00fcr Reisen usw.<\/li>\n<\/ul>\n<\/li>\n<\/ul>\n<\/li>\n<li>Wenn Du mehr Geld f\u00fcr diese Bestellung geben m\u00f6chtest, gehe einfach auf <a href=\"https:\/\/www.crossquestions.org\/donation\/\" target=\"_blank\" rel=\"noopener\">die Spendenseite<\/a>.<\/li>\n<li>Wenn Du nicht online bestellen kannst, bestelle einfach per E-Mail: <a href=\"mailto:email@crossquestions.org\">email@crossquestions.org<\/a><\/li>\n<li>Wenn Du Ideen bekommen m\u00f6chtest, wie Du dieses Traktat an Menschen verschenken kannst, sieh Dir einfach unsere YouTube Playlist \u2013 Store \/ Ressourcen an und lese auch die Bewertungen unten.<\/li>\n<li>Du kannst diese \"Hundefakten\"-Traktate auf der Stra\u00dfe Leuten geben, die mit ihrem Hund spazieren gehen.<\/li>\n<li>Wir w\u00fcnschen Dir alles Gute und Gottes Segen, w\u00e4hrend Du diese \"Hundefakten\"-\nKarten an Menschen verschenkst.<\/li>\n<li>Hinweis: Diese \"Hundefakten\"- Karte ist nur \u00fcber CrossQuestions.org verf\u00fcgbar. Es darf nicht von Druckmedien kopiert oder wiederverwendet\nwerden. <a href=\"https:\/\/crossquestions.org\/copyright\/\">copyright\u00a9crossquestions<\/a><\/li>\n<\/ul>","protected":false},"featured_media":10312,"comment_status":"open","ping_status":"closed","template":"","meta":{"give_campaign_id":0,"nf_dc_page":"","site-sidebar-layout":"default","site-content-layout":"default","ast-site-content-layout":"default","site-content-style":"default","site-sidebar-style":"default","ast-global-header-display":"","ast-banner-title-visibility":"","ast-main-header-display":"","ast-hfb-above-header-display":"","ast-hfb-below-header-display":"","ast-hfb-mobile-header-display":"","site-post-title":"","ast-breadcrumbs-content":"","ast-featured-img":"","footer-sml-layout":"","ast-disable-related-posts":"","theme-transparent-header-meta":"default","adv-header-id-meta":"","stick-header-meta":"","header-above-stick-meta":"","header-main-stick-meta":"","header-below-stick-meta":"","astra-migrate-meta-layouts":"set","ast-page-background-enabled":"default","ast-page-background-meta":{"desktop":{"background-color":"","background-image":"","background-repeat":"repeat","background-position":"center center","background-size":"auto","background-attachment":"scroll","background-type":"","background-media":"","overlay-type":"","overlay-color":"","overlay-opacity":"","overlay-gradient":""},"tablet":{"background-color":"","background-image":"","background-repeat":"repeat","background-position":"center center","background-size":"auto","background-attachment":"scroll","background-type":"","background-media":"","overlay-type":"","overlay-color":"","overlay-opacity":"","overlay-gradient":""},"mobile":{"background-color":"","background-image":"","background-repeat":"repeat","background-position":"center center","background-size":"auto","background-attachment":"scroll","background-type":"","background-media":"","overlay-type":"","overlay-color":"","overlay-opacity":"","overlay-gradient":""}},"ast-content-background-meta":{"desktop":{"background-color":"var(--ast-global-color-5)","background-image":"","background-repeat":"repeat","background-position":"center center","background-size":"auto","background-attachment":"scroll","background-type":"","background-media":"","overlay-type":"","overlay-color":"","overlay-opacity":"","overlay-gradient":""},"tablet":{"background-color":"var(--ast-global-color-5)","background-image":"","background-repeat":"repeat","background-position":"center center","background-size":"auto","background-attachment":"scroll","background-type":"","background-media":"","overlay-type":"","overlay-color":"","overlay-opacity":"","overlay-gradient":""},"mobile":{"background-color":"var(--ast-global-color-5)","background-image":"","background-repeat":"repeat","background-position":"center center","background-size":"auto","background-attachment":"scroll","background-type":"","background-media":"","overlay-type":"","overlay-color":"","overlay-opacity":"","overlay-gradient":""}}},"product_brand":[],"product_cat":[122],"product_tag":[142,55,132,48,60,131],"class_list":{"0":"post-10310","1":"product","2":"type-product","3":"status-publish","4":"has-post-thumbnail","6":"product_cat-cards","7":"product_tag-dog-facts-card","8":"product_tag-botschaft-traktate","9":"product_tag-cards","10":"product_tag-christliche-traktate","11":"product_tag-crossquestions-traktate","12":"product_tag-karte","13":"desktop-align-left","14":"tablet-align-left","15":"mobile-align-left","17":"first","18":"instock","19":"sale","20":"taxable","21":"shipping-taxable","22":"purchasable","23":"product-type-simple"},"_links":{"self":[{"href":"https:\/\/www.crossquestions.org\/de\/wp-json\/wp\/v2\/product\/10310","targetHints":{"allow":["GET"]}}],"collection":[{"href":"https:\/\/www.crossquestions.org\/de\/wp-json\/wp\/v2\/product"}],"about":[{"href":"https:\/\/www.crossquestions.org\/de\/wp-json\/wp\/v2\/types\/product"}],"replies":[{"embeddable":true,"href":"https:\/\/www.crossquestions.org\/de\/wp-json\/wp\/v2\/comments?post=10310"}],"version-history":[{"count":2,"href":"https:\/\/www.crossquestions.org\/de\/wp-json\/wp\/v2\/product\/10310\/revisions"}],"predecessor-version":[{"id":10314,"href":"https:\/\/www.crossquestions.org\/de\/wp-json\/wp\/v2\/product\/10310\/revisions\/10314"}],"wp:featuredmedia":[{"embeddable":true,"href":"https:\/\/www.crossquestions.org\/de\/wp-json\/wp\/v2\/media\/10312"}],"wp:attachment":[{"href":"https:\/\/www.crossquestions.org\/de\/wp-json\/wp\/v2\/media?parent=10310"}],"wp:term":[{"taxonomy":"product_brand","embeddable":true,"href":"https:\/\/www.crossquestions.org\/de\/wp-json\/wp\/v2\/product_brand?post=10310"},{"taxonomy":"product_cat","embeddable":true,"href":"https:\/\/www.crossquestions.org\/de\/wp-json\/wp\/v2\/product_cat?post=10310"},{"taxonomy":"product_tag","embeddable":true,"href":"https:\/\/www.crossquestions.org\/de\/wp-json\/wp\/v2\/product_tag?post=10310"}],"curies":[{"name":"wp","href":"https:\/\/api.w.org\/{rel}","templated":true}]}}