{"id":10351,"date":"2024-07-17T10:23:18","date_gmt":"2024-07-17T08:23:18","guid":{"rendered":"https:\/\/www.crossquestions.org\/?post_type=product&#038;p=10351"},"modified":"2024-07-17T15:31:53","modified_gmt":"2024-07-17T13:31:53","slug":"the-clock","status":"publish","type":"product","link":"https:\/\/www.crossquestions.org\/de\/produkt\/the-clock\/","title":{"rendered":"Die Uhr"},"content":{"rendered":"","protected":false},"excerpt":{"rendered":"<p><strong>(50er Pack z.Zt. 20% Rabatt)<\/strong><\/p>\n<p><img decoding=\"async\" class=\"alignnone wp-image-5916\" src=\"https:\/\/crossquestions.org\/wp-content\/uploads\/2021\/11\/CrossQuestions.org_BestSeller.png\" alt=\"BestSeller_CrossQuestions.org\" width=\"106\" height=\"26\" srcset=\"\" sizes=\"(max-width: 106px) 100vw, 106px\" data-srcset=\"\" \/><span style=\"color: #01818a;\">in<\/span> <a href=\"https:\/\/crossquestions.org\/de\/produkt-kategorie\/cards\/\"><span style=\"color: #6596f7;\"><span style=\"color: #01818a;\"><strong>Karten<\/strong><\/span><\/span><\/a><\/p>\n<pre><strong>Bestelle 1-6 Pack f\u00fcr je \u20ac3,99 und spare 20%<\/strong> \r\n<strong>Bestelle 7-9 Pack f\u00fcr je \u20ac3,49 und spare 30% <\/strong>\r\n<strong>Bestelle 10+ Pack f\u00fcr je <span class=\"woocommerce-Price-currencySymbol\">\u20ac2<\/span>,99 und spare 40% <\/strong><\/pre>\n<ul>\n<li>Hallo! Ich w\u00fcnsche Ihnen heute eine tolle Zeit! \/ Ich hoffe, Sie haben gerade eine gute Zeit? \/ Wie sp\u00e4t ist es jetzt? \/ Hatten Sie heute eine gute Zeit? Auf diese Weise kannst Du dieses Traktat auf eine sehr freundliche Art und Weise weitergeben.<\/li>\n<li>Wie oft schauen wir jeden Tag auf die Uhr? Ohne Uhr sind wir zeitlos und hilflos. Diese Uhr erinnert die Menschen daran, wie schnell die Zeit f\u00fcr jeden Menschen endet.<\/li>\n<li>Diese Uhr bringt Dich mit Menschen dar\u00fcber ins Gespr\u00e4ch, wie sie derzeit ihre Zeit erleben.<\/li>\n<li>Dieses Traktat ist ein Muss und sollte jeder Christ bei sich haben.<\/li>\n<li>Steck diese Karten einfach immer in Deine Tasche, damit Du nie ohne ein gutes Traktat bist. \u2013 Gott kann Dich zu Menschen f\u00fchren.<\/li>\n<li>Diese Karten sind sehr handlich und attraktiv.<\/li>\n<li>Diese Uhr erinnert Menschen zu jeder Stunde an die Zeitabschnitte, die sie von Geburt an bis zum Tod erleben.<\/li>\n<li>Diese Uhr gibt den Menschen ein Gef\u00fchl der Dringlichkeit, \u00fcber das Leben nach dem Tod nachzudenken, und die Uhr sagt gleichsam: \"Es ist jetzt schon 5 vor 12 und der Countdown l\u00e4uft\".<\/li>\n<li>Dieses Evangelium-Traktat ist ein wirkungsvolles Mittel, um die gute Nachricht von\nJesus Christus weiterzugeben.<\/li>\n<li>Der beste Teil von dieser Hundefakten-Karte ist, dass sich ein sehr gut formuliertes\nEvangelium auf der R\u00fcckseite der Karte befindet.<\/li>\n<li>\u201eDie Uhr\u201c-Traktate Menge: 50\/Packung und Sprache: Deutsch.<\/li>\n<li>Wir bieten diese Traktate an, nicht um Gewinn zu erzielen; es fallen lediglich die Druck-, Design- und Arbeitskosten an.<\/li>\n<li>Wenn Du diese Traktate bestellst, wird das Geld in das Werk des Herrn fliessen und ausschliesslich verwendet werden:\n<ul>\n<li style=\"list-style-type: none;\">\n<ul>\n<li>f\u00fcr Material zum Schreiben und Drucken von B\u00fcchern f\u00fcr Ungl\u00e4ubige<\/li>\n<li>f\u00fcr die Gestaltung der Traktate<\/li>\n<li>um Videos zu erstellen<\/li>\n<li>f\u00fcr Reisen usw.<\/li>\n<\/ul>\n<\/li>\n<\/ul>\n<\/li>\n<li>Wenn Du mehr Geld f\u00fcr diese Bestellung geben m\u00f6chtest, gehe einfach auf <a href=\"https:\/\/www.crossquestions.org\/donation\/\" target=\"_blank\" rel=\"noopener\">die Spendenseite<\/a>.<\/li>\n<li>Wenn Du nicht online bestellen kannst, bestelle einfach per E-Mail: <a href=\"mailto:email@crossquestions.org\">email@crossquestions.org<\/a><\/li>\n<li>Wenn Du Ideen bekommen m\u00f6chtest, wie Du dieses Traktat an Menschen verschenken kannst, sieh Dir einfach unsere YouTube Playlist \u2013 Store \/ Ressourcen an und lese auch die Bewertungen unten.<\/li>\n<li>Du kannst \"Die Uhr\"-Traktate in der Schule, an der Universit\u00e4t, im College, in Restaurants, Hotels, auf der Stra\u00dfe verschenken, sie einfach auf einer Bank liegen lassen oder in den Briefkasten werfen usw.<\/li>\n<li>Wir w\u00fcnschen Dir alles Gute und Gottes Segen, w\u00e4hrend Du diese Uhr-Traktate an Menschen verteilst.<\/li>\n<li>Hinweis: \"Die Uhr\"- Karte ist nur \u00fcber CrossQuestions.org verf\u00fcgbar. Es darf nicht von Druckmedien kopiert oder wiederverwendet\nwerden. <a href=\"https:\/\/crossquestions.org\/copyright\/\">copyright\u00a9crossquestions<\/a><\/li>\n<\/ul>","protected":false},"featured_media":10363,"comment_status":"open","ping_status":"closed","template":"","meta":{"give_campaign_id":0,"nf_dc_page":"","site-sidebar-layout":"default","site-content-layout":"default","ast-site-content-layout":"default","site-content-style":"default","site-sidebar-style":"default","ast-global-header-display":"","ast-banner-title-visibility":"","ast-main-header-display":"","ast-hfb-above-header-display":"","ast-hfb-below-header-display":"","ast-hfb-mobile-header-display":"","site-post-title":"","ast-breadcrumbs-content":"","ast-featured-img":"","footer-sml-layout":"","ast-disable-related-posts":"","theme-transparent-header-meta":"default","adv-header-id-meta":"","stick-header-meta":"","header-above-stick-meta":"","header-main-stick-meta":"","header-below-stick-meta":"","astra-migrate-meta-layouts":"set","ast-page-background-enabled":"default","ast-page-background-meta":{"desktop":{"background-color":"","background-image":"","background-repeat":"repeat","background-position":"center center","background-size":"auto","background-attachment":"scroll","background-type":"","background-media":"","overlay-type":"","overlay-color":"","overlay-opacity":"","overlay-gradient":""},"tablet":{"background-color":"","background-image":"","background-repeat":"repeat","background-position":"center center","background-size":"auto","background-attachment":"scroll","background-type":"","background-media":"","overlay-type":"","overlay-color":"","overlay-opacity":"","overlay-gradient":""},"mobile":{"background-color":"","background-image":"","background-repeat":"repeat","background-position":"center center","background-size":"auto","background-attachment":"scroll","background-type":"","background-media":"","overlay-type":"","overlay-color":"","overlay-opacity":"","overlay-gradient":""}},"ast-content-background-meta":{"desktop":{"background-color":"var(--ast-global-color-5)","background-image":"","background-repeat":"repeat","background-position":"center center","background-size":"auto","background-attachment":"scroll","background-type":"","background-media":"","overlay-type":"","overlay-color":"","overlay-opacity":"","overlay-gradient":""},"tablet":{"background-color":"var(--ast-global-color-5)","background-image":"","background-repeat":"repeat","background-position":"center center","background-size":"auto","background-attachment":"scroll","background-type":"","background-media":"","overlay-type":"","overlay-color":"","overlay-opacity":"","overlay-gradient":""},"mobile":{"background-color":"var(--ast-global-color-5)","background-image":"","background-repeat":"repeat","background-position":"center center","background-size":"auto","background-attachment":"scroll","background-type":"","background-media":"","overlay-type":"","overlay-color":"","overlay-opacity":"","overlay-gradient":""}}},"product_brand":[],"product_cat":[122],"product_tag":[55,132,48,60,131,144,143],"class_list":{"0":"post-10351","1":"product","2":"type-product","3":"status-publish","4":"has-post-thumbnail","6":"product_cat-cards","7":"product_tag-botschaft-traktate","8":"product_tag-cards","9":"product_tag-christliche-traktate","10":"product_tag-crossquestions-traktate","11":"product_tag-karte","12":"product_tag-the-clock","13":"product_tag-the-clock-tract","14":"desktop-align-left","15":"tablet-align-left","16":"mobile-align-left","18":"first","19":"instock","20":"sale","21":"taxable","22":"shipping-taxable","23":"purchasable","24":"product-type-simple"},"_links":{"self":[{"href":"https:\/\/www.crossquestions.org\/de\/wp-json\/wp\/v2\/product\/10351","targetHints":{"allow":["GET"]}}],"collection":[{"href":"https:\/\/www.crossquestions.org\/de\/wp-json\/wp\/v2\/product"}],"about":[{"href":"https:\/\/www.crossquestions.org\/de\/wp-json\/wp\/v2\/types\/product"}],"replies":[{"embeddable":true,"href":"https:\/\/www.crossquestions.org\/de\/wp-json\/wp\/v2\/comments?post=10351"}],"version-history":[{"count":2,"href":"https:\/\/www.crossquestions.org\/de\/wp-json\/wp\/v2\/product\/10351\/revisions"}],"predecessor-version":[{"id":10354,"href":"https:\/\/www.crossquestions.org\/de\/wp-json\/wp\/v2\/product\/10351\/revisions\/10354"}],"wp:featuredmedia":[{"embeddable":true,"href":"https:\/\/www.crossquestions.org\/de\/wp-json\/wp\/v2\/media\/10363"}],"wp:attachment":[{"href":"https:\/\/www.crossquestions.org\/de\/wp-json\/wp\/v2\/media?parent=10351"}],"wp:term":[{"taxonomy":"product_brand","embeddable":true,"href":"https:\/\/www.crossquestions.org\/de\/wp-json\/wp\/v2\/product_brand?post=10351"},{"taxonomy":"product_cat","embeddable":true,"href":"https:\/\/www.crossquestions.org\/de\/wp-json\/wp\/v2\/product_cat?post=10351"},{"taxonomy":"product_tag","embeddable":true,"href":"https:\/\/www.crossquestions.org\/de\/wp-json\/wp\/v2\/product_tag?post=10351"}],"curies":[{"name":"wp","href":"https:\/\/api.w.org\/{rel}","templated":true}]}}