{"id":2972,"date":"2021-05-21T15:50:33","date_gmt":"2021-05-21T13:50:33","guid":{"rendered":"http:\/\/www.crossquestions.org\/?post_type=product&#038;p=2972"},"modified":"2026-03-02T14:37:48","modified_gmt":"2026-03-02T13:37:48","slug":"1-million-euro","status":"publish","type":"product","link":"https:\/\/www.crossquestions.org\/de\/produkt\/1-million-euro\/","title":{"rendered":"EINE MILLION EURO"},"content":{"rendered":"<p><iframe title=\"Eine Million Euro-Schein | www.CrossQuestions.org\" src=\"https:\/\/www.youtube.com\/embed\/v-uBbDW6Exg?list=PLtIIkv3HoWfGtYm8rlUZ3Pk27MRxpiOPI\" width=\"1264\" height=\"711\" frameborder=\"0\" allowfullscreen=\"allowfullscreen\"><\/iframe><\/p>","protected":false},"excerpt":{"rendered":"<p><strong>(50er Pack z.Zt. 20% Rabatt)<\/strong><\/p>\n<p><img decoding=\"async\" class=\"alignnone wp-image-5916\" src=\"https:\/\/crossquestions.org\/wp-content\/uploads\/2021\/11\/CrossQuestions.org_BestSeller.png\" alt=\"BestSeller_CrossQuestions.org\" width=\"106\" height=\"26\" srcset=\"\" sizes=\"(max-width: 106px) 100vw, 106px\" data-srcset=\"\" \/><span style=\"color: #01818a;\">in<\/span> <a href=\"https:\/\/crossquestions.org\/de\/store\/\"><span style=\"color: #6596f7;\"><span style=\"color: #01818a;\"><strong>Traktate<\/strong><\/span><\/span><\/a><\/p>\n<pre><strong>Bestelle 1-6 Pack f\u00fcr je <span class=\"woocommerce-Price-currencySymbol\">\u20ac3<\/span>,99 und spare 20% \r\n<\/strong><strong>Bestelle 7-9 Pack f\u00fcr je <span class=\"woocommerce-Price-currencySymbol\">\u20ac3<\/span>,49 und spare 30%<\/strong>\r\n<strong>Bestelle 10+ Pack f\u00fcr je <span class=\"woocommerce-Price-currencySymbol\">\u20ac2<\/span>,99 und spare 40% \r\n<\/strong><\/pre>\n<ul>\n<li>Charles Spurgeon sagte: Ein Christ sollte jeden Tag Traktate an Ungl\u00e4ubige weitergeben.<\/li>\n<li>Diese 1 Million Euro hat eine Botschaft und die Leute lieben sie, und dar\u00fcberhinaus werden sie den Schein nicht wegwerfen, sondern einfach in die Geldb\u00f6rse legen. (Lese bitte die Bewertungen unten.)<\/li>\n<li>Die Leute sind total verwundert, nachdem sie den 1 Million Euro-Schein bekommen haben. Sie fragen sogar nach mehreren und wollen ihn anderen Menschen zeigen.<\/li>\n<li>Das Beste an dieser Million Euro ist, dass sich auf der R\u00fcckseite ein wohl formuliertes Evangelium befindet.<\/li>\n<li>Eine Million Euro-Schein gibt Dir den perfekten Start, um mit Menschen in ein Gespr\u00e4ch zu kommen und \u00fcber Jesus Christus zu reden.<\/li>\n<li>1 Million Euro-Menge: 50 St.\/Pack. Sprache: Deutsch<\/li>\n<li>Die Qualit\u00e4t ist wie ein Original \u20ac-Schein und sieht sehr genial aus.<\/li>\n<li>Diese 1-Million-Euro-Scheine sind kein Falschgeld, sondern geh\u00f6ren in die Rubrik Spielgeld. Das ist ein gro\u00dfer Unterschied. Daher kannst Du die Millionenscheine mit Freude und gutem Gewissen verteilen.<\/li>\n<li>Wir bieten diese Traktate an, nicht um Gewinn zu erzielen; es fallen lediglich die Druck-, Design- und Arbeitskosten an.<\/li>\n<li>Wenn Du nicht online bestellen kannst, bestelle einfach per E-Mail: <a href=\"mailto:email@crossquestions.org\">email@crossquestions.org<\/a><\/li>\n<li>Wenn Du diese Traktate bestellst, wird das Geld in das Werk des Herrn fliessen und ausschliesslich verwendet werden:\n<ul>\n<li style=\"list-style-type: none;\">\n<ul>\n<li>f\u00fcr Material zum Schreiben und Drucken von B\u00fcchern f\u00fcr Ungl\u00e4ubige<\/li>\n<li>f\u00fcr die Gestaltung der Traktate<\/li>\n<li>um Videos zu erstellen<\/li>\n<li>f\u00fcr Reisen usw.<\/li>\n<\/ul>\n<\/li>\n<\/ul>\n<\/li>\n<li>Wenn Du mehr Geld f\u00fcr diese Bestellung geben m\u00f6chtest, gehe einfach auf die Spendenseite.<\/li>\n<li>Wenn Du Ideen brauchst, wie Du dieses Traktat an Menschen verschenken k\u00f6nntest, sieh Dir einfach unsere YouTube Playlist \u2013 Store \/ Ressourcen an und lies auch die Bewertungen unten.<\/li>\n<li>Du k\u00f6nntest dieses Traktat in der Schule weitergeben, Universit\u00e4t, Hochschule, Restaurants, Hotels, auf der Stra\u00dfe, lass es einfach auf der Bank liegen, wirf es in den Briefkasten usw.<\/li>\n<li>Wir w\u00fcnschen Dir alles Gute und Gottes Segen, w\u00e4hrend Du diesen Million Euro-Schein an die Menschen verschenkst.<\/li>\n<li>Hinweis: Dieser eine Million Euro-Schein ist nur \u00fcber CrossQuestions.org verf\u00fcgbar. Es darf nicht von Druckmedien kopiert oder wiederverwendet werden. <a href=\"https:\/\/crossquestions.org\/copyright\/\">copyright\u00a9crossquestions.<\/a><\/li>\n<\/ul>","protected":false},"featured_media":9896,"comment_status":"open","ping_status":"closed","template":"","meta":{"give_campaign_id":0,"nf_dc_page":"","site-sidebar-layout":"default","site-content-layout":"default","ast-site-content-layout":"default","site-content-style":"default","site-sidebar-style":"default","ast-global-header-display":"","ast-banner-title-visibility":"","ast-main-header-display":"","ast-hfb-above-header-display":"","ast-hfb-below-header-display":"","ast-hfb-mobile-header-display":"","site-post-title":"","ast-breadcrumbs-content":"","ast-featured-img":"","footer-sml-layout":"","ast-disable-related-posts":"","theme-transparent-header-meta":"default","adv-header-id-meta":"","stick-header-meta":"","header-above-stick-meta":"","header-main-stick-meta":"","header-below-stick-meta":"","astra-migrate-meta-layouts":"set","ast-page-background-enabled":"default","ast-page-background-meta":{"desktop":{"background-color":"","background-image":"","background-repeat":"repeat","background-position":"center center","background-size":"auto","background-attachment":"scroll","background-type":"","background-media":"","overlay-type":"","overlay-color":"","overlay-opacity":"","overlay-gradient":""},"tablet":{"background-color":"","background-image":"","background-repeat":"repeat","background-position":"center center","background-size":"auto","background-attachment":"scroll","background-type":"","background-media":"","overlay-type":"","overlay-color":"","overlay-opacity":"","overlay-gradient":""},"mobile":{"background-color":"","background-image":"","background-repeat":"repeat","background-position":"center center","background-size":"auto","background-attachment":"scroll","background-type":"","background-media":"","overlay-type":"","overlay-color":"","overlay-opacity":"","overlay-gradient":""}},"ast-content-background-meta":{"desktop":{"background-color":"var(--ast-global-color-5)","background-image":"","background-repeat":"repeat","background-position":"center center","background-size":"auto","background-attachment":"scroll","background-type":"","background-media":"","overlay-type":"","overlay-color":"","overlay-opacity":"","overlay-gradient":""},"tablet":{"background-color":"var(--ast-global-color-5)","background-image":"","background-repeat":"repeat","background-position":"center center","background-size":"auto","background-attachment":"scroll","background-type":"","background-media":"","overlay-type":"","overlay-color":"","overlay-opacity":"","overlay-gradient":""},"mobile":{"background-color":"var(--ast-global-color-5)","background-image":"","background-repeat":"repeat","background-position":"center center","background-size":"auto","background-attachment":"scroll","background-type":"","background-media":"","overlay-type":"","overlay-color":"","overlay-opacity":"","overlay-gradient":""}}},"product_brand":[],"product_cat":[47],"product_tag":[62,138,139,140,67,63,66],"class_list":{"0":"post-2972","1":"product","2":"type-product","3":"status-publish","4":"has-post-thumbnail","6":"product_cat-1-million-euro","7":"product_tag-1-million-euro","8":"product_tag-crossquestions-tracts","9":"product_tag-good-news-tracts","10":"product_tag-gospel-tract","11":"product_tag-gospel-tracts","12":"product_tag-one-million-euro","13":"product_tag-one-million-euro-bill","14":"desktop-align-left","15":"tablet-align-left","16":"mobile-align-left","18":"first","19":"instock","20":"sale","21":"taxable","22":"shipping-taxable","23":"purchasable","24":"product-type-simple"},"_links":{"self":[{"href":"https:\/\/www.crossquestions.org\/de\/wp-json\/wp\/v2\/product\/2972","targetHints":{"allow":["GET"]}}],"collection":[{"href":"https:\/\/www.crossquestions.org\/de\/wp-json\/wp\/v2\/product"}],"about":[{"href":"https:\/\/www.crossquestions.org\/de\/wp-json\/wp\/v2\/types\/product"}],"replies":[{"embeddable":true,"href":"https:\/\/www.crossquestions.org\/de\/wp-json\/wp\/v2\/comments?post=2972"}],"version-history":[{"count":6,"href":"https:\/\/www.crossquestions.org\/de\/wp-json\/wp\/v2\/product\/2972\/revisions"}],"predecessor-version":[{"id":10304,"href":"https:\/\/www.crossquestions.org\/de\/wp-json\/wp\/v2\/product\/2972\/revisions\/10304"}],"wp:featuredmedia":[{"embeddable":true,"href":"https:\/\/www.crossquestions.org\/de\/wp-json\/wp\/v2\/media\/9896"}],"wp:attachment":[{"href":"https:\/\/www.crossquestions.org\/de\/wp-json\/wp\/v2\/media?parent=2972"}],"wp:term":[{"taxonomy":"product_brand","embeddable":true,"href":"https:\/\/www.crossquestions.org\/de\/wp-json\/wp\/v2\/product_brand?post=2972"},{"taxonomy":"product_cat","embeddable":true,"href":"https:\/\/www.crossquestions.org\/de\/wp-json\/wp\/v2\/product_cat?post=2972"},{"taxonomy":"product_tag","embeddable":true,"href":"https:\/\/www.crossquestions.org\/de\/wp-json\/wp\/v2\/product_tag?post=2972"}],"curies":[{"name":"wp","href":"https:\/\/api.w.org\/{rel}","templated":true}]}}