{"id":4184,"date":"2021-06-13T22:11:42","date_gmt":"2021-06-13T20:11:42","guid":{"rendered":"https:\/\/crossquestions.org\/?post_type=product&#038;p=4184"},"modified":"2026-03-02T14:39:22","modified_gmt":"2026-03-02T13:39:22","slug":"iphone-traktat","status":"publish","type":"product","link":"https:\/\/www.crossquestions.org\/de\/produkt\/iphone-traktat\/","title":{"rendered":"iPhone"},"content":{"rendered":"<p><iframe title=\"iPhone gratis | www.CrossQuestions.org\" src=\"https:\/\/www.youtube.com\/embed\/B5yuSSv7n4g?list=PLtIIkv3HoWfGtYm8rlUZ3Pk27MRxpiOPI\" width=\"1264\" height=\"711\" frameborder=\"0\" allowfullscreen=\"allowfullscreen\"><\/iframe><\/p>","protected":false},"excerpt":{"rendered":"<p><strong>(50er Pack z.Zt. 35% Rabatt)<\/strong><\/p>\n<p><img decoding=\"async\" class=\"alignnone wp-image-5916\" src=\"https:\/\/crossquestions.org\/wp-content\/uploads\/2021\/11\/CrossQuestions.org_BestSeller.png\" alt=\"BestSeller_CrossQuestions.org\" width=\"106\" height=\"26\" srcset=\"\" sizes=\"(max-width: 106px) 100vw, 106px\" data-srcset=\"\" \/><span style=\"color: #01818a;\">in<\/span> <a href=\"https:\/\/crossquestions.org\/de\/store\/\"><span style=\"color: #6596f7;\"><span style=\"color: #01818a;\"><strong>Traktate<\/strong><\/span><\/span><\/a><\/p>\n<pre><strong>Bestelle 3-5 Pack f\u00fcr je <span class=\"woocommerce-Price-currencySymbol\">\u20ac6<\/span>,74 und spare 40%<\/strong> \r\n<strong>Bestelle 6-9 Pack f\u00fcr je <span class=\"woocommerce-Price-currencySymbol\">\u20ac6<\/span>,18 und spare 45% <\/strong> \r\n<strong>Bestelle 10-14 Pack f\u00fcr je <span class=\"woocommerce-Price-currencySymbol\">\u20ac5<\/span>,62 und spare 50% <\/strong> \r\n<strong>Bestelle 15-19 Pack f\u00fcr je <span class=\"woocommerce-Price-currencySymbol\">\u20ac5<\/span>,05 und spare 55% <\/strong> \r\n<strong>Bestelle 20+ Pack f\u00fcr je <span class=\"woocommerce-Price-currencySymbol\">\u20ac4<\/span>,49 und spare 60%<\/strong><\/pre>\n<ul>\n<li>Die Leute lieben dieses iPhone. Frag einfach: 'Hey! Haben Sie Ihr Handy verloren?' Sie lachen einfach und nehmen es.<\/li>\n<li>Es gibt ein lustiges Gespr\u00e4ch auf der Vorderseite des iPhones und die R\u00fcckseite ist ein sehr wohl formuliertes Evangelium.<\/li>\n<li>Dieses iPhone-Traktat sieht sehr ordentlich und wie echt aus.<\/li>\n<li>Dies ist auch ein sehr gutes Traktat, um das Gespr\u00e4ch zu beginnen.<\/li>\n<li>iPhone Menge: 50 St.\/ Pack, Sprache: Deutsch.<\/li>\n<li>Wir bieten diese Traktate an, nicht um Gewinn zu erzielen; es fallen lediglich die Druck-, Design- und Arbeitskosten an.<\/li>\n<li>Wenn Du diese Traktate bestellst, wird das Geld in das Werk des Herrn fliessen und ausschliesslich verwendet werden:\n<ul>\n<li style=\"list-style-type: none;\">\n<ul>\n<li>f\u00fcr Material zum Schreiben und Drucken von B\u00fcchern f\u00fcr Ungl\u00e4ubige<\/li>\n<li>f\u00fcr die Gestaltung der Traktate<\/li>\n<li>um Videos zu erstellen<\/li>\n<li>f\u00fcr Reisen usw.<\/li>\n<\/ul>\n<\/li>\n<\/ul>\n<\/li>\n<li>Wenn Du mehr Geld f\u00fcr diese Bestellung geben m\u00f6chtest, gehe einfach auf die Spendenseite.<\/li>\n<li>Wenn Du nicht online bestellen kannst, bestelle einfach per E-Mail: <a href=\"mailto:email@crossquestions.org\">email@crossquestions.org<\/a><\/li>\n<li>Wenn Du Ideen bekommen m\u00f6chtest, wie Du dieses Traktat an Menschen verschenken kannst, sieh Dir einfach unsere YouTube Playlist \u2013 Store \/ Ressourcen an und lese auch die Bewertungen unten.<\/li>\n<li>Du k\u00f6nntest dieses Traktat in der Schule weitergeben, Universit\u00e4t, Hochschule, Restaurants, Hotels, auf der Stra\u00dfe, lass es einfach auf der Bank liegen, wirf es in den Briefkasten usw.<\/li>\n<li>Wir w\u00fcnschen Dir alles Gute und Gottes Segen, w\u00e4hrend Du dieses iPhone an die Menschen verschenkst.<\/li>\n<li>Hinweis: Dieses iPhone ist nur \u00fcber CrossQuestions.org verf\u00fcgbar. Es darf nicht von Druckmedien kopiert oder wiederverwendet werden. <a href=\"https:\/\/crossquestions.org\/copyright\/\">copyright\u00a9crossquestions<\/a><\/li>\n<\/ul>","protected":false},"featured_media":4185,"comment_status":"open","ping_status":"closed","template":"","meta":{"give_campaign_id":0,"nf_dc_page":"","site-sidebar-layout":"default","site-content-layout":"default","ast-site-content-layout":"default","site-content-style":"default","site-sidebar-style":"default","ast-global-header-display":"","ast-banner-title-visibility":"","ast-main-header-display":"","ast-hfb-above-header-display":"","ast-hfb-below-header-display":"","ast-hfb-mobile-header-display":"","site-post-title":"","ast-breadcrumbs-content":"","ast-featured-img":"","footer-sml-layout":"","ast-disable-related-posts":"","theme-transparent-header-meta":"default","adv-header-id-meta":"","stick-header-meta":"","header-above-stick-meta":"","header-main-stick-meta":"","header-below-stick-meta":"","astra-migrate-meta-layouts":"set","ast-page-background-enabled":"default","ast-page-background-meta":{"desktop":{"background-color":"","background-image":"","background-repeat":"repeat","background-position":"center center","background-size":"auto","background-attachment":"scroll","background-type":"","background-media":"","overlay-type":"","overlay-color":"","overlay-opacity":"","overlay-gradient":""},"tablet":{"background-color":"","background-image":"","background-repeat":"repeat","background-position":"center center","background-size":"auto","background-attachment":"scroll","background-type":"","background-media":"","overlay-type":"","overlay-color":"","overlay-opacity":"","overlay-gradient":""},"mobile":{"background-color":"","background-image":"","background-repeat":"repeat","background-position":"center center","background-size":"auto","background-attachment":"scroll","background-type":"","background-media":"","overlay-type":"","overlay-color":"","overlay-opacity":"","overlay-gradient":""}},"ast-content-background-meta":{"desktop":{"background-color":"var(--ast-global-color-5)","background-image":"","background-repeat":"repeat","background-position":"center center","background-size":"auto","background-attachment":"scroll","background-type":"","background-media":"","overlay-type":"","overlay-color":"","overlay-opacity":"","overlay-gradient":""},"tablet":{"background-color":"var(--ast-global-color-5)","background-image":"","background-repeat":"repeat","background-position":"center center","background-size":"auto","background-attachment":"scroll","background-type":"","background-media":"","overlay-type":"","overlay-color":"","overlay-opacity":"","overlay-gradient":""},"mobile":{"background-color":"var(--ast-global-color-5)","background-image":"","background-repeat":"repeat","background-position":"center center","background-size":"auto","background-attachment":"scroll","background-type":"","background-media":"","overlay-type":"","overlay-color":"","overlay-opacity":"","overlay-gradient":""}}},"product_brand":[],"product_cat":[100],"product_tag":[55,48,68,69,51,52,71,49,53],"class_list":{"0":"post-4184","1":"product","2":"type-product","3":"status-publish","4":"has-post-thumbnail","6":"product_cat-iphone","7":"product_tag-botschaft-traktate","8":"product_tag-christliche-traktate","9":"product_tag-evangeliumstraktate","10":"product_tag-iphone-botschaft","11":"product_tag-iphone-crossquestions","12":"product_tag-iphone-crossquestions-org","13":"product_tag-iphone-traktat","14":"product_tag-iphone-traktate","15":"product_tag-traktate","16":"desktop-align-left","17":"tablet-align-left","18":"mobile-align-left","20":"first","21":"instock","22":"sale","23":"taxable","24":"shipping-taxable","25":"purchasable","26":"product-type-simple"},"_links":{"self":[{"href":"https:\/\/www.crossquestions.org\/de\/wp-json\/wp\/v2\/product\/4184","targetHints":{"allow":["GET"]}}],"collection":[{"href":"https:\/\/www.crossquestions.org\/de\/wp-json\/wp\/v2\/product"}],"about":[{"href":"https:\/\/www.crossquestions.org\/de\/wp-json\/wp\/v2\/types\/product"}],"replies":[{"embeddable":true,"href":"https:\/\/www.crossquestions.org\/de\/wp-json\/wp\/v2\/comments?post=4184"}],"version-history":[{"count":5,"href":"https:\/\/www.crossquestions.org\/de\/wp-json\/wp\/v2\/product\/4184\/revisions"}],"predecessor-version":[{"id":9977,"href":"https:\/\/www.crossquestions.org\/de\/wp-json\/wp\/v2\/product\/4184\/revisions\/9977"}],"wp:featuredmedia":[{"embeddable":true,"href":"https:\/\/www.crossquestions.org\/de\/wp-json\/wp\/v2\/media\/4185"}],"wp:attachment":[{"href":"https:\/\/www.crossquestions.org\/de\/wp-json\/wp\/v2\/media?parent=4184"}],"wp:term":[{"taxonomy":"product_brand","embeddable":true,"href":"https:\/\/www.crossquestions.org\/de\/wp-json\/wp\/v2\/product_brand?post=4184"},{"taxonomy":"product_cat","embeddable":true,"href":"https:\/\/www.crossquestions.org\/de\/wp-json\/wp\/v2\/product_cat?post=4184"},{"taxonomy":"product_tag","embeddable":true,"href":"https:\/\/www.crossquestions.org\/de\/wp-json\/wp\/v2\/product_tag?post=4184"}],"curies":[{"name":"wp","href":"https:\/\/api.w.org\/{rel}","templated":true}]}}