{"id":4208,"date":"2021-06-14T13:30:04","date_gmt":"2021-06-14T11:30:04","guid":{"rendered":"https:\/\/crossquestions.org\/?post_type=product&#038;p=4208"},"modified":"2026-01-25T05:45:47","modified_gmt":"2026-01-25T04:45:47","slug":"gebogene-illusionskarten","status":"publish","type":"product","link":"https:\/\/www.crossquestions.org\/de\/produkt\/gebogene-illusionskarten\/","title":{"rendered":"Gebogene Illusionskarten"},"content":{"rendered":"<p><iframe title=\"Gebogene Illusionskarten | Beliebtes Traktat von CrossQuestions.org | Christliche Traktate\" src=\"https:\/\/www.youtube.com\/embed\/MccyxeBipgw?list=PLtIIkv3HoWfGtYm8rlUZ3Pk27MRxpiOPI\" width=\"1264\" height=\"711\" frameborder=\"0\" allowfullscreen=\"allowfullscreen\"><\/iframe><\/p>","protected":false},"excerpt":{"rendered":"<p><strong>(50er Pack z.Zt. 35% Rabatt)<\/strong><\/p>\n<p><img decoding=\"async\" class=\"alignnone wp-image-5916\" src=\"https:\/\/crossquestions.org\/wp-content\/uploads\/2021\/11\/CrossQuestions.org_BestSeller.png\" alt=\"BestSeller_CrossQuestions.org\" width=\"106\" height=\"26\" srcset=\"\" sizes=\"(max-width: 106px) 100vw, 106px\" data-srcset=\"\" \/><span style=\"color: #01818a;\">in<\/span> <a href=\"https:\/\/crossquestions.org\/product-category\/illusion-cards\/\"><span style=\"color: #6596f7;\"><span style=\"color: #01818a;\"><strong>Illusionskarten<\/strong><\/span><\/span><\/a><\/p>\n<pre><strong>Bestelle 3-5 Pack f\u00fcr je <span class=\"woocommerce-Price-currencySymbol\">\u20ac8<\/span>,51 und spare 37%<\/strong> \r\n<strong>Bestelle 6-9 Pack f\u00fcr je <span class=\"woocommerce-Price-currencySymbol\">\u20ac8<\/span>,24 und spare 39% <\/strong>\r\n<strong>Bestelle 10-14 Pack f\u00fcr je <span class=\"woocommerce-Price-currencySymbol\">\u20ac7<\/span>,97 und spare 41% <\/strong>\r\n<strong>Bestelle 15-19 Pack f\u00fcr je <span class=\"woocommerce-Price-currencySymbol\">\u20ac7<\/span>,70 und spare 43% <\/strong>\r\n<strong>Bestelle 20+ Pack f\u00fcr je <span class=\"woocommerce-Price-currencySymbol\">\u20ac7<\/span>,43 und spare 45%<\/strong><\/pre>\n<ul>\n<li>Die Leute lieben diese Illusions-Trick-Karten und staunen dar\u00fcber, wie diese Karten funktionieren. Sie fragen sogar nach vielen und wollen sie anderen Menschen zeigen. (Lese mal die Bewertungen unten)<\/li>\n<li>Der beste Teil von diesem Traktat ist, dass sich ein sehr gut formuliertes Evangelium auf der R\u00fcckseite der Karte befindet.<\/li>\n<li>Diese Illusionskarten geben Dir den perfekten Start, um mit Menschen zu sprechen und zum Thema Jesus Christus zu kommen.<\/li>\n<li>Illusionskarten Anzahl: 50 St.\/ Pack (je 25). Sprache: Deutsch.<\/li>\n<li>Wir bieten diese Traktate an, nicht um Gewinn zu erzielen; es fallen lediglich die Druck-, Design- und Arbeitskosten an.<\/li>\n<li>Wenn Du diese Traktate bestellst, wird das Geld in das Werk des Herrn fliessen und ausschliesslich verwendet werden:\n<ul>\n<li style=\"list-style-type: none;\">\n<ul>\n<li>f\u00fcr Material zum Schreiben und Drucken von B\u00fcchern f\u00fcr Ungl\u00e4ubige<\/li>\n<li>f\u00fcr die Gestaltung der Traktate<\/li>\n<li>um Videos zu erstellen<\/li>\n<li>f\u00fcr Reisen usw.<\/li>\n<\/ul>\n<\/li>\n<\/ul>\n<\/li>\n<li>Wenn Du mehr Geld f\u00fcr diese Bestellung geben m\u00f6chtest, gehe einfach auf die Spendenseite.<\/li>\n<li>Wenn Du nicht online bestellen kannst, bestelle einfach per E-Mail: <a href=\"mailto:email@crossquestions.org\">email@crossquestions.org<\/a><\/li>\n<li>Wenn Du Ideen bekommen m\u00f6chtest, wie Du dieses Traktat an Menschen verschenken kannst, sieh Dir einfach unsere YouTube Playlist \u2013 Store \/ Ressourcen an und lese auch die Bewertungen unten.<\/li>\n<li>Du k\u00f6nntest dieses Traktat in der Schule weitergeben, Universit\u00e4t, Hochschule, Restaurants, Hotels, auf der Stra\u00dfe, lass es einfach auf der Bank liegen oder werfe es in den Briefkasten usw.<\/li>\n<li>Wir w\u00fcnschen Dir alles Gute und Gottes Segen, w\u00e4hrend Du diese gebogene Illlusionskarte an die Menschen verschenkst.<\/li>\n<li>Hinweis: Diese gebogene Illusionskarte ist nur \u00fcber CrossQuestions.org verf\u00fcgbar. Es darf nicht von Druckmedien kopiert oder wiederverwendet werden. <a href=\"https:\/\/crossquestions.org\/copyright\/\">copyright\u00a9crossquestions<\/a><\/li>\n<\/ul>","protected":false},"featured_media":3883,"comment_status":"open","ping_status":"closed","template":"","meta":{"give_campaign_id":0,"nf_dc_page":"","site-sidebar-layout":"default","site-content-layout":"default","ast-site-content-layout":"default","site-content-style":"default","site-sidebar-style":"default","ast-global-header-display":"","ast-banner-title-visibility":"","ast-main-header-display":"","ast-hfb-above-header-display":"","ast-hfb-below-header-display":"","ast-hfb-mobile-header-display":"","site-post-title":"","ast-breadcrumbs-content":"","ast-featured-img":"","footer-sml-layout":"","ast-disable-related-posts":"","theme-transparent-header-meta":"default","adv-header-id-meta":"","stick-header-meta":"","header-above-stick-meta":"","header-main-stick-meta":"","header-below-stick-meta":"","astra-migrate-meta-layouts":"set","ast-page-background-enabled":"default","ast-page-background-meta":{"desktop":{"background-color":"","background-image":"","background-repeat":"repeat","background-position":"center center","background-size":"auto","background-attachment":"scroll","background-type":"","background-media":"","overlay-type":"","overlay-color":"","overlay-opacity":"","overlay-gradient":""},"tablet":{"background-color":"","background-image":"","background-repeat":"repeat","background-position":"center center","background-size":"auto","background-attachment":"scroll","background-type":"","background-media":"","overlay-type":"","overlay-color":"","overlay-opacity":"","overlay-gradient":""},"mobile":{"background-color":"","background-image":"","background-repeat":"repeat","background-position":"center center","background-size":"auto","background-attachment":"scroll","background-type":"","background-media":"","overlay-type":"","overlay-color":"","overlay-opacity":"","overlay-gradient":""}},"ast-content-background-meta":{"desktop":{"background-color":"var(--ast-global-color-5)","background-image":"","background-repeat":"repeat","background-position":"center center","background-size":"auto","background-attachment":"scroll","background-type":"","background-media":"","overlay-type":"","overlay-color":"","overlay-opacity":"","overlay-gradient":""},"tablet":{"background-color":"var(--ast-global-color-5)","background-image":"","background-repeat":"repeat","background-position":"center center","background-size":"auto","background-attachment":"scroll","background-type":"","background-media":"","overlay-type":"","overlay-color":"","overlay-opacity":"","overlay-gradient":""},"mobile":{"background-color":"var(--ast-global-color-5)","background-image":"","background-repeat":"repeat","background-position":"center center","background-size":"auto","background-attachment":"scroll","background-type":"","background-media":"","overlay-type":"","overlay-color":"","overlay-opacity":"","overlay-gradient":""}}},"product_brand":[],"product_cat":[61],"product_tag":[55,48,60,68,58,59,125,57,126],"class_list":{"0":"post-4208","1":"product","2":"type-product","3":"status-publish","4":"has-post-thumbnail","6":"product_cat-illusion-cards","7":"product_tag-botschaft-traktate","8":"product_tag-christliche-traktate","9":"product_tag-crossquestions-traktate","10":"product_tag-evangeliumstraktate","11":"product_tag-gebogene-illusionskarte","12":"product_tag-gebogene-illusionskarte-crossquestions","13":"product_tag-gebogene-illusionskarten","14":"product_tag-illusionskarte","15":"product_tag-illusionskarten","16":"desktop-align-left","17":"tablet-align-left","18":"mobile-align-left","20":"first","21":"instock","22":"sale","23":"taxable","24":"shipping-taxable","25":"purchasable","26":"product-type-simple"},"_links":{"self":[{"href":"https:\/\/www.crossquestions.org\/de\/wp-json\/wp\/v2\/product\/4208","targetHints":{"allow":["GET"]}}],"collection":[{"href":"https:\/\/www.crossquestions.org\/de\/wp-json\/wp\/v2\/product"}],"about":[{"href":"https:\/\/www.crossquestions.org\/de\/wp-json\/wp\/v2\/types\/product"}],"replies":[{"embeddable":true,"href":"https:\/\/www.crossquestions.org\/de\/wp-json\/wp\/v2\/comments?post=4208"}],"version-history":[{"count":5,"href":"https:\/\/www.crossquestions.org\/de\/wp-json\/wp\/v2\/product\/4208\/revisions"}],"predecessor-version":[{"id":6631,"href":"https:\/\/www.crossquestions.org\/de\/wp-json\/wp\/v2\/product\/4208\/revisions\/6631"}],"wp:featuredmedia":[{"embeddable":true,"href":"https:\/\/www.crossquestions.org\/de\/wp-json\/wp\/v2\/media\/3883"}],"wp:attachment":[{"href":"https:\/\/www.crossquestions.org\/de\/wp-json\/wp\/v2\/media?parent=4208"}],"wp:term":[{"taxonomy":"product_brand","embeddable":true,"href":"https:\/\/www.crossquestions.org\/de\/wp-json\/wp\/v2\/product_brand?post=4208"},{"taxonomy":"product_cat","embeddable":true,"href":"https:\/\/www.crossquestions.org\/de\/wp-json\/wp\/v2\/product_cat?post=4208"},{"taxonomy":"product_tag","embeddable":true,"href":"https:\/\/www.crossquestions.org\/de\/wp-json\/wp\/v2\/product_tag?post=4208"}],"curies":[{"name":"wp","href":"https:\/\/api.w.org\/{rel}","templated":true}]}}