{"id":5488,"date":"2021-10-25T20:12:51","date_gmt":"2021-10-25T18:12:51","guid":{"rendered":"https:\/\/crossquestions.org\/?post_type=product&#038;p=5488"},"modified":"2022-08-05T09:28:20","modified_gmt":"2022-08-05T07:28:20","slug":"empfehlung-flyer","status":"publish","type":"product","link":"https:\/\/www.crossquestions.org\/de\/produkt\/empfehlung-flyer\/","title":{"rendered":"CrossQuestions.org Empfehlung - Flyer (kostenlos)"},"content":{"rendered":"","protected":false},"excerpt":{"rendered":"<p><strong>(50er Pack z.Zt. gratis)<\/strong><\/p>\n<p><img decoding=\"async\" class=\"alignnone wp-image-5928\" src=\"https:\/\/crossquestions.org\/wp-content\/uploads\/2021\/11\/CrossQuestionss-Choice.png\" alt=\"CrossQuestions's Choice\" width=\"146\" height=\"36\" srcset=\"https:\/\/www.crossquestions.org\/wp-content\/uploads\/2021\/11\/CrossQuestionss-Choice.png 267w, https:\/\/www.crossquestions.org\/wp-content\/uploads\/2021\/11\/CrossQuestionss-Choice-18x4.png 18w\" sizes=\"(max-width: 146px) 100vw, 146px\" \/><span style=\"color: #01818a;\"><span style=\"color: #000000;\">f\u00fcr <\/span><strong><span style=\"color: #000000;\">&#8220;<\/span><a href=\"https:\/\/crossquestions.org\/product-category\/free-of-cost\/\"><span style=\"color: #000000;\"><span style=\"color: #01818a;\">Kostenlos<\/span><\/span><\/a><\/strong><\/span><strong><a href=\"https:\/\/crossquestions.org\/product-category\/free-of-cost\/\"><span style=\"color: #000000;\">\u201d<\/span><\/a><\/strong><\/p>\n<ul>\n<li>Charles Spurgeon sagte: Wir m\u00fcssen die Informationen \u00fcber die Ressourcen an die Menschen weitergeben.<\/li>\n<li>Dieser Flyer ist eine gro\u00dfartige Ressource, die die folgenden Informationen enth\u00e4lt:  Empfehlung der Website - ''CrossQuestions.org'' und des YouTube-Kanals - ''CrossQuestions-Deutsch''.<\/li>\n<li>Du kannst diesen Flyer an Menschen weitergeben, die von Jesus Christus und dem Evangelium h\u00f6ren m\u00fcssen.<\/li>\n<li>Du kannst sie auch an Gl\u00e4ubige weitergeben, damit sie f\u00fcr diesen Dienst beten und sogar von unserem Dienst lernen k\u00f6nnen.<\/li>\n<li>Es gibt auch einen QR-Code, den man scannen und somit schnell auf die Website oder den YouTube-Kanal zugreifen kann.<\/li>\n<li>''CrossQuestions.org Empfehlung'' Menge: 50 \/ Pack und Sprache: Deutsch.<\/li>\n<li>Du kannst die Bilder auch herunterladen, um sie auf WhatsApp, Instagram usw. zu teilen:\n<ul>\n<li>Desktop: Rechts klicken und ''Bild speichern''.<\/li>\n<li>Smartphone: l\u00e4nger auf das Bild tippen und \"Bild sichern\".<\/li>\n<\/ul>\n<\/li>\n<li>Wir bieten diese Flyer gerne kostenlos an.<\/li>\n<li>Wenn Du nicht online bestellen kannst, bestelle einfach per E-Mail: <a href=\"mailto:email@crossquestions.org\">email@crossquestions.org<\/a><\/li>\n<li>Wenn Du f\u00fcr diese Bestellung spenden m\u00f6chtest, gehe einfach auf die Seite \"Spenden\".<\/li>\n<li>Du k\u00f6nntest diesen Flyer in der Schule weitergeben, Universit\u00e4t, Hochschule, Restaurants, Hotels, auf der Stra\u00dfe, lass es einfach auf der Bank liegen oder werfe es in den Briefkasten usw.<\/li>\n<li>Wir w\u00fcnschen Dir alles Gute und Gottes Segen beim Weiterreichen dieses Flyers.<\/li>\n<\/ul>","protected":false},"featured_media":5283,"comment_status":"open","ping_status":"closed","template":"","meta":{"give_campaign_id":0,"nf_dc_page":"","site-sidebar-layout":"default","site-content-layout":"default","ast-site-content-layout":"default","site-content-style":"default","site-sidebar-style":"default","ast-global-header-display":"","ast-banner-title-visibility":"","ast-main-header-display":"","ast-hfb-above-header-display":"","ast-hfb-below-header-display":"","ast-hfb-mobile-header-display":"","site-post-title":"","ast-breadcrumbs-content":"","ast-featured-img":"","footer-sml-layout":"","ast-disable-related-posts":"","theme-transparent-header-meta":"default","adv-header-id-meta":"","stick-header-meta":"","header-above-stick-meta":"","header-main-stick-meta":"","header-below-stick-meta":"","astra-migrate-meta-layouts":"default","ast-page-background-enabled":"default","ast-page-background-meta":{"desktop":{"background-color":"","background-image":"","background-repeat":"repeat","background-position":"center center","background-size":"auto","background-attachment":"scroll","background-type":"","background-media":"","overlay-type":"","overlay-color":"","overlay-opacity":"","overlay-gradient":""},"tablet":{"background-color":"","background-image":"","background-repeat":"repeat","background-position":"center center","background-size":"auto","background-attachment":"scroll","background-type":"","background-media":"","overlay-type":"","overlay-color":"","overlay-opacity":"","overlay-gradient":""},"mobile":{"background-color":"","background-image":"","background-repeat":"repeat","background-position":"center center","background-size":"auto","background-attachment":"scroll","background-type":"","background-media":"","overlay-type":"","overlay-color":"","overlay-opacity":"","overlay-gradient":""}},"ast-content-background-meta":{"desktop":{"background-color":"var(--ast-global-color-5)","background-image":"","background-repeat":"repeat","background-position":"center center","background-size":"auto","background-attachment":"scroll","background-type":"","background-media":"","overlay-type":"","overlay-color":"","overlay-opacity":"","overlay-gradient":""},"tablet":{"background-color":"var(--ast-global-color-5)","background-image":"","background-repeat":"repeat","background-position":"center center","background-size":"auto","background-attachment":"scroll","background-type":"","background-media":"","overlay-type":"","overlay-color":"","overlay-opacity":"","overlay-gradient":""},"mobile":{"background-color":"var(--ast-global-color-5)","background-image":"","background-repeat":"repeat","background-position":"center center","background-size":"auto","background-attachment":"scroll","background-type":"","background-media":"","overlay-type":"","overlay-color":"","overlay-opacity":"","overlay-gradient":""}}},"product_brand":[],"product_cat":[81],"product_tag":[83,82,84],"class_list":{"0":"post-5488","1":"product","2":"type-product","3":"status-publish","4":"has-post-thumbnail","6":"product_cat-free-of-cost","7":"product_tag-crossquestions-flyer","8":"product_tag-crossquestions-org-empfehlung","9":"product_tag-crossquestions-org-flyer-kostenlos","10":"desktop-align-left","11":"tablet-align-left","12":"mobile-align-left","14":"first","15":"instock","16":"sale","17":"taxable","18":"shipping-taxable","19":"purchasable","20":"product-type-simple"},"_links":{"self":[{"href":"https:\/\/www.crossquestions.org\/de\/wp-json\/wp\/v2\/product\/5488","targetHints":{"allow":["GET"]}}],"collection":[{"href":"https:\/\/www.crossquestions.org\/de\/wp-json\/wp\/v2\/product"}],"about":[{"href":"https:\/\/www.crossquestions.org\/de\/wp-json\/wp\/v2\/types\/product"}],"replies":[{"embeddable":true,"href":"https:\/\/www.crossquestions.org\/de\/wp-json\/wp\/v2\/comments?post=5488"}],"version-history":[{"count":5,"href":"https:\/\/www.crossquestions.org\/de\/wp-json\/wp\/v2\/product\/5488\/revisions"}],"predecessor-version":[{"id":6330,"href":"https:\/\/www.crossquestions.org\/de\/wp-json\/wp\/v2\/product\/5488\/revisions\/6330"}],"wp:featuredmedia":[{"embeddable":true,"href":"https:\/\/www.crossquestions.org\/de\/wp-json\/wp\/v2\/media\/5283"}],"wp:attachment":[{"href":"https:\/\/www.crossquestions.org\/de\/wp-json\/wp\/v2\/media?parent=5488"}],"wp:term":[{"taxonomy":"product_brand","embeddable":true,"href":"https:\/\/www.crossquestions.org\/de\/wp-json\/wp\/v2\/product_brand?post=5488"},{"taxonomy":"product_cat","embeddable":true,"href":"https:\/\/www.crossquestions.org\/de\/wp-json\/wp\/v2\/product_cat?post=5488"},{"taxonomy":"product_tag","embeddable":true,"href":"https:\/\/www.crossquestions.org\/de\/wp-json\/wp\/v2\/product_tag?post=5488"}],"curies":[{"name":"wp","href":"https:\/\/api.w.org\/{rel}","templated":true}]}}