{"id":6068,"date":"2021-11-27T21:20:39","date_gmt":"2021-11-27T20:20:39","guid":{"rendered":"https:\/\/crossquestions.org\/?post_type=product&#038;p=6068"},"modified":"2022-08-20T17:43:12","modified_gmt":"2022-08-20T15:43:12","slug":"starter-set","status":"publish","type":"product","link":"https:\/\/www.crossquestions.org\/de\/produkt\/starter-set\/","title":{"rendered":"Starter-Set"},"content":{"rendered":"","protected":false},"excerpt":{"rendered":"<p><strong>(je 3 St\u00fcck &amp; 35% Rabatt)<\/strong><\/p>\n<p><img decoding=\"async\" class=\"alignnone wp-image-5916\" src=\"https:\/\/crossquestions.org\/wp-content\/uploads\/2021\/11\/CrossQuestions.org_BestSeller.png\" alt=\"BestSeller_CrossQuestions.org\" width=\"106\" height=\"26\" srcset=\"\" sizes=\"(max-width: 106px) 100vw, 106px\" data-srcset=\"\" \/><span style=\"color: #01818a;\">in<\/span> <a href=\"https:\/\/crossquestions.org\/de\/store\/\"><span style=\"color: #6596f7;\"><span style=\"color: #01818a;\"><strong>Traktate<\/strong><\/span><\/span><\/a><\/p>\n<ul>\n<li>Das Starter-Set ist die beste Option f\u00fcr Dich, um alle unsere Traktate zuerst einmal kennenzulernen.<\/li>\n<li>Mit dem Starter-Set kannst Du Dir einen \u00dcberblick verschaffen, um zu entscheiden, welche Traktate Dir am besten gefallen und sich f\u00fcr Deinen ganz pers\u00f6nlichen Einsatz zur Evangelisation eignen, um sie dann in Zukunft einzeln zu bestellen.<\/li>\n<li>Das Starter-Set wird von Zeit zu Zeit mit neuen, attraktiven Traktaten erg\u00e4nzt, sobald wir sie ver\u00f6ffentlichen.<\/li>\n<li>Die Menschen lieben diese Traktate und sind erstaunt dar\u00fcber, wie sie wirken. Sie fragen sogar nach vielen und wollen diese anderen Menschen zeigen. (Lese bitte die Rezensionen zu den einzelnen Artikeln.)<\/li>\n<li>Das Beste an diesen Traktaten ist, dass sich auf der R\u00fcckseite ein sehr gut ausgearbeitetes Evangelium befindet.<\/li>\n<li>Diese Traktate bieten Dir den perfekten Einstieg, um mit Menschen ins Gespr\u00e4ch zu kommen und \u00fcber Jesus Christus zu sprechen.<\/li>\n<li>Das Starter-Set enth\u00e4lt: (je 3 St\u00fcck, Sprache: Deutsch)\n<ul>\n<li><span style=\"color: #01818a;\"><a style=\"color: #01818a;\" href=\"https:\/\/crossquestions.org\/de\/produkt\/1-million-euro\/\" target=\"_blank\" rel=\"noopener\">EINE MILLION EURO<\/a><\/span><\/li>\n<li><span style=\"color: #01818a;\"><a style=\"color: #01818a;\" href=\"https:\/\/crossquestions.org\/de\/produkt\/gebogene-illusionskarte\/\" target=\"_blank\" rel=\"noopener\">Gebogene Illusionskarten<\/a><\/span><\/li>\n<li><span style=\"color: #01818a;\"><a style=\"color: #01818a;\" href=\"https:\/\/crossquestions.org\/de\/produkt\/kreis-illusionskarte\/\" target=\"_blank\" rel=\"noopener\">Kreis-Illusionskarten<\/a><\/span><\/li>\n<li><span style=\"color: #01818a;\"><a style=\"color: #01818a;\" href=\"https:\/\/crossquestions.org\/de\/produkt\/kreis-illusionskarte-fuer-kinder\/\" target=\"_blank\" rel=\"noopener\">Kreis-Illusionskarte (f\u00fcr Kinder)<\/a><\/span><\/li>\n<li><span style=\"color: #01818a;\"><a style=\"color: #01818a;\" href=\"https:\/\/crossquestions.org\/de\/produkt\/iphone-traktat\/\" target=\"_blank\" rel=\"noopener\">iPhone<\/a><\/span><\/li>\n<li><span style=\"color: #01818a;\"><a style=\"color: #01818a;\" href=\"https:\/\/crossquestions.org\/de\/produkt\/empfehlung-flyer\/\" target=\"_blank\" rel=\"noopener\">CrossQuestions.org Empfehlung - Flyer (kostenlos)<\/a><\/span><\/li>\n<li><a href=\"https:\/\/crossquestions.org\/de\/store\/\" target=\"_blank\" rel=\"noopener\"><span style=\"color: #01818a;\">... und andere neue Traktate<\/span><\/a> werden zu diesem Set hinzugef\u00fcgt, sobald wir sie ver\u00f6ffentlichen.<\/li>\n<\/ul>\n<\/li>\n<li>Wir bieten dieses Starter-Set an, nicht um Gewinn zu erzielen; es fallen lediglich die Druck-, Design- und Arbeitskosten an.<\/li>\n<li>Wenn Du dieses Starter-Set bestellst, wird das Geld in das Werk des Herrn fliessen und ausschliesslich verwendet werden:\n<ul>\n<li style=\"list-style-type: none;\">\n<ul>\n<li>f\u00fcr Material zum Schreiben und Drucken von B\u00fcchern f\u00fcr Ungl\u00e4ubige<\/li>\n<li>f\u00fcr die Gestaltung der Traktate<\/li>\n<li>um Videos zu erstellen<\/li>\n<li>f\u00fcr Reisen usw.<\/li>\n<\/ul>\n<\/li>\n<\/ul>\n<\/li>\n<li>Wenn Du mehr Geld f\u00fcr diese Bestellung geben m\u00f6chtest, gehe einfach auf die Spendenseite.<\/li>\n<li>Wenn Du nicht online bestellen kannst, bestelle einfach per E-Mail: <span style=\"color: #317bc4;\"><a style=\"color: #317bc4;\" href=\"mailto:email@crossquestions.org\" target=\"_blank\" rel=\"noopener\"><span style=\"color: #01818a;\">email@crossquestions.org<\/span><\/a><\/span><\/li>\n<li>Wenn Du Ideen bekommen m\u00f6chtest, wie Du dieses Traktat an Menschen verschenken kannst, sieh Dir einfach unsere YouTube Playlist \u2013 Store \/ Ressourcen an und lese auch die Bewertungen unten.<\/li>\n<li>Du k\u00f6nntest die Traktate davon in der Schule weitergeben, Universit\u00e4t, Hochschule, Restaurants, Hotels, auf der Stra\u00dfe, lass sie einfach auf der Bank liegen, werfe sie in den Briefkasten usw.<\/li>\n<li>Wir w\u00fcnschen Dir alles Gute und Gottes Segen beim Weiterreichen der Traktate .<\/li>\n<li>Hinweis: Alle diese Traktate sind nur \u00fcber CrossQuestions.org verf\u00fcgbar. Es darf nicht von Druckmedien kopiert oder wiederverwendet werden. <a href=\"https:\/\/crossquestions.org\/copyright\/\" target=\"_blank\" rel=\"noopener\"><span style=\"color: #317bc4;\"><span style=\"color: #01818a;\">copyright\u00a9crossquestions<\/span><\/span><\/a><\/li>\n<\/ul>","protected":false},"featured_media":6072,"comment_status":"open","ping_status":"closed","template":"","meta":{"give_campaign_id":0,"nf_dc_page":"","site-sidebar-layout":"default","site-content-layout":"default","ast-site-content-layout":"default","site-content-style":"default","site-sidebar-style":"default","ast-global-header-display":"","ast-banner-title-visibility":"","ast-main-header-display":"","ast-hfb-above-header-display":"","ast-hfb-below-header-display":"","ast-hfb-mobile-header-display":"","site-post-title":"","ast-breadcrumbs-content":"","ast-featured-img":"","footer-sml-layout":"","ast-disable-related-posts":"","theme-transparent-header-meta":"default","adv-header-id-meta":"","stick-header-meta":"","header-above-stick-meta":"","header-main-stick-meta":"","header-below-stick-meta":"","astra-migrate-meta-layouts":"default","ast-page-background-enabled":"default","ast-page-background-meta":{"desktop":{"background-color":"","background-image":"","background-repeat":"repeat","background-position":"center center","background-size":"auto","background-attachment":"scroll","background-type":"","background-media":"","overlay-type":"","overlay-color":"","overlay-opacity":"","overlay-gradient":""},"tablet":{"background-color":"","background-image":"","background-repeat":"repeat","background-position":"center center","background-size":"auto","background-attachment":"scroll","background-type":"","background-media":"","overlay-type":"","overlay-color":"","overlay-opacity":"","overlay-gradient":""},"mobile":{"background-color":"","background-image":"","background-repeat":"repeat","background-position":"center center","background-size":"auto","background-attachment":"scroll","background-type":"","background-media":"","overlay-type":"","overlay-color":"","overlay-opacity":"","overlay-gradient":""}},"ast-content-background-meta":{"desktop":{"background-color":"var(--ast-global-color-5)","background-image":"","background-repeat":"repeat","background-position":"center center","background-size":"auto","background-attachment":"scroll","background-type":"","background-media":"","overlay-type":"","overlay-color":"","overlay-opacity":"","overlay-gradient":""},"tablet":{"background-color":"var(--ast-global-color-5)","background-image":"","background-repeat":"repeat","background-position":"center center","background-size":"auto","background-attachment":"scroll","background-type":"","background-media":"","overlay-type":"","overlay-color":"","overlay-opacity":"","overlay-gradient":""},"mobile":{"background-color":"var(--ast-global-color-5)","background-image":"","background-repeat":"repeat","background-position":"center center","background-size":"auto","background-attachment":"scroll","background-type":"","background-media":"","overlay-type":"","overlay-color":"","overlay-opacity":"","overlay-gradient":""}}},"product_brand":[],"product_cat":[117],"product_tag":[118,119],"class_list":{"0":"post-6068","1":"product","2":"type-product","3":"status-publish","4":"has-post-thumbnail","6":"product_cat-starter-set","7":"product_tag-starter-set","8":"product_tag-starterset","9":"desktop-align-left","10":"tablet-align-left","11":"mobile-align-left","13":"first","14":"instock","15":"sale","16":"taxable","17":"shipping-taxable","18":"purchasable","19":"product-type-simple"},"_links":{"self":[{"href":"https:\/\/www.crossquestions.org\/de\/wp-json\/wp\/v2\/product\/6068","targetHints":{"allow":["GET"]}}],"collection":[{"href":"https:\/\/www.crossquestions.org\/de\/wp-json\/wp\/v2\/product"}],"about":[{"href":"https:\/\/www.crossquestions.org\/de\/wp-json\/wp\/v2\/types\/product"}],"replies":[{"embeddable":true,"href":"https:\/\/www.crossquestions.org\/de\/wp-json\/wp\/v2\/comments?post=6068"}],"version-history":[{"count":5,"href":"https:\/\/www.crossquestions.org\/de\/wp-json\/wp\/v2\/product\/6068\/revisions"}],"predecessor-version":[{"id":6641,"href":"https:\/\/www.crossquestions.org\/de\/wp-json\/wp\/v2\/product\/6068\/revisions\/6641"}],"wp:featuredmedia":[{"embeddable":true,"href":"https:\/\/www.crossquestions.org\/de\/wp-json\/wp\/v2\/media\/6072"}],"wp:attachment":[{"href":"https:\/\/www.crossquestions.org\/de\/wp-json\/wp\/v2\/media?parent=6068"}],"wp:term":[{"taxonomy":"product_brand","embeddable":true,"href":"https:\/\/www.crossquestions.org\/de\/wp-json\/wp\/v2\/product_brand?post=6068"},{"taxonomy":"product_cat","embeddable":true,"href":"https:\/\/www.crossquestions.org\/de\/wp-json\/wp\/v2\/product_cat?post=6068"},{"taxonomy":"product_tag","embeddable":true,"href":"https:\/\/www.crossquestions.org\/de\/wp-json\/wp\/v2\/product_tag?post=6068"}],"curies":[{"name":"wp","href":"https:\/\/api.w.org\/{rel}","templated":true}]}}