{"id":6285,"date":"2022-06-15T18:51:56","date_gmt":"2022-06-15T16:51:56","guid":{"rendered":"https:\/\/crossquestions.org\/?post_type=product&#038;p=6285"},"modified":"2025-08-01T04:08:33","modified_gmt":"2025-08-01T02:08:33","slug":"terminkarte","status":"publish","type":"product","link":"https:\/\/www.crossquestions.org\/de\/produkt\/terminkarte\/","title":{"rendered":"Terminkarte"},"content":{"rendered":"","protected":false},"excerpt":{"rendered":"<p><strong>(50er Pack z.Zt. 20% Rabatt)<\/strong><\/p>\n<p><img decoding=\"async\" class=\"alignnone wp-image-5916\" src=\"https:\/\/crossquestions.org\/wp-content\/uploads\/2021\/11\/CrossQuestions.org_BestSeller.png\" alt=\"BestSeller_CrossQuestions.org\" width=\"106\" height=\"26\" srcset=\"\" sizes=\"(max-width: 106px) 100vw, 106px\" data-srcset=\"\" \/><span style=\"color: #01818a;\">in<\/span> <a href=\"https:\/\/crossquestions.org\/de\/produkt-kategorie\/cards\/\"><span style=\"color: #6596f7;\"><span style=\"color: #01818a;\"><strong>Karten<\/strong><\/span><\/span><\/a><\/p>\n<pre><strong>Bestelle 1-6 Pack f\u00fcr je \u20ac3,99 und spare 20%<\/strong> \r\n<strong>Bestelle 7-9 Pack f\u00fcr je <span class=\"woocommerce-Price-currencySymbol\">\u20ac3<\/span>,49 und spare 30% <\/strong>\r\n<strong>Bestelle 10+ Pack f\u00fcr je <span class=\"woocommerce-Price-currencySymbol\">\u20ac2<\/span>,99 und spare 40% <\/strong><\/pre>\n<ul>\n<li><span class=\"a-list-item\">Diese Terminkarte besteht aus einem hochwertigen Silber-Magic-Karton, der ihr ein attraktives Erscheinungsbild gibt.<\/span><\/li>\n<li>Steck diese Terminkarte einfach immer in Dein Portemonnaie, so dass Du nie ohne ein gutes Traktat bist - Gott kann Dich zu Menschen f\u00fchren.<\/li>\n<li><span class=\"a-list-item\">Diese Karte hat ein farbenfrohes Design.<\/span><\/li>\n<li>Diese Karten f\u00fchlen sich beim Ber\u00fchren sehr glatt an und wirken imposant.<\/li>\n<li>Diese Terminkarte gibt ein besonderes Feeling beim Touch entgegen normalem Papier.<\/li>\n<li><span class=\"a-list-item\">Dieses Mini-Evangelium-Traktat (etwa so gro\u00df wie eine <strong>Visitenkarte<\/strong>) ist ein wirkungsvolles Mittel, um die gute Nachricht von Jesus Christus weiterzugeben.<\/span><\/li>\n<li>Du kannst diese Karten in Deiner Geldb\u00f6rse mitnehmen, da sie sehr leicht und flexibel sind.<\/li>\n<li>Wenn jemand von einem Termin spricht, k\u00f6nntest Du diese Karte auch als Erinnerung an seinen ''Termin mit Gott'' mitgeben.<\/li>\n<li>\"Hallo! Sie haben einen Termin!\" -  Auf diese Weise k\u00f6nntest Du z.B. dieses Traktat in ansprechend freundlicher Art weiterreichen.<\/li>\n<li>Der beste Teil von diesem Traktat ist, dass sich ein sehr gut formuliertes Evangelium auf der R\u00fcckseite der Karte befindet.<\/li>\n<li>Terminkarten Anzahl: 50 St.\/ Pack. Sprache: Deutsch.<\/li>\n<li>Wir bieten diese Traktate an, nicht um Gewinn zu erzielen; es fallen lediglich die Druck-, Design- und Arbeitskosten an.<\/li>\n<li>Wenn Du diese Traktate bestellst, wird das Geld in das Werk des Herrn fliessen und ausschliesslich verwendet werden:\n<ul>\n<li style=\"list-style-type: none;\">\n<ul>\n<li>f\u00fcr Material zum Schreiben und Drucken von B\u00fcchern f\u00fcr Ungl\u00e4ubige<\/li>\n<li>f\u00fcr die Gestaltung der Traktate<\/li>\n<li>um Videos zu erstellen<\/li>\n<li>f\u00fcr Reisen usw.<\/li>\n<\/ul>\n<\/li>\n<\/ul>\n<\/li>\n<li>Wenn Du mehr Geld f\u00fcr diese Bestellung geben m\u00f6chtest, gehe einfach auf die Spendenseite.<\/li>\n<li>Wenn Du nicht online bestellen kannst, bestelle einfach per E-Mail: <a href=\"mailto:email@crossquestions.org\">email@crossquestions.org<\/a><\/li>\n<li>Wenn Du Ideen bekommen m\u00f6chtest, wie Du dieses Traktat an Menschen verschenken kannst, sieh Dir einfach unsere YouTube Playlist \u2013 Store \/ Ressourcen an und lese auch die Bewertungen unten.<\/li>\n<li>Du k\u00f6nntest diese Terminkarte in der Schule weitergeben, Universit\u00e4t, Hochschule, Restaurants, Hotels, auf der Stra\u00dfe, lass sie einfach auf der Bank liegen oder werfe sie in den Briefkasten usw.<\/li>\n<li>Wir w\u00fcnschen Dir alles Gute und Gottes Segen, w\u00e4hrend Du diese Terminkarte an die Menschen verschenkst.<\/li>\n<li>Hinweis: Diese Terminkarte ist nur \u00fcber CrossQuestions.org verf\u00fcgbar. Es darf nicht von Druckmedien kopiert oder wiederverwendet werden. <a href=\"https:\/\/crossquestions.org\/copyright\/\">copyright\u00a9crossquestions<\/a><\/li>\n<\/ul>","protected":false},"featured_media":6306,"comment_status":"open","ping_status":"closed","template":"","meta":{"give_campaign_id":0,"nf_dc_page":"","site-sidebar-layout":"default","site-content-layout":"default","ast-site-content-layout":"default","site-content-style":"default","site-sidebar-style":"default","ast-global-header-display":"","ast-banner-title-visibility":"","ast-main-header-display":"","ast-hfb-above-header-display":"","ast-hfb-below-header-display":"","ast-hfb-mobile-header-display":"","site-post-title":"","ast-breadcrumbs-content":"","ast-featured-img":"","footer-sml-layout":"","ast-disable-related-posts":"","theme-transparent-header-meta":"default","adv-header-id-meta":"","stick-header-meta":"","header-above-stick-meta":"","header-main-stick-meta":"","header-below-stick-meta":"","astra-migrate-meta-layouts":"set","ast-page-background-enabled":"default","ast-page-background-meta":{"desktop":{"background-color":"","background-image":"","background-repeat":"repeat","background-position":"center center","background-size":"auto","background-attachment":"scroll","background-type":"","background-media":"","overlay-type":"","overlay-color":"","overlay-opacity":"","overlay-gradient":""},"tablet":{"background-color":"","background-image":"","background-repeat":"repeat","background-position":"center center","background-size":"auto","background-attachment":"scroll","background-type":"","background-media":"","overlay-type":"","overlay-color":"","overlay-opacity":"","overlay-gradient":""},"mobile":{"background-color":"","background-image":"","background-repeat":"repeat","background-position":"center center","background-size":"auto","background-attachment":"scroll","background-type":"","background-media":"","overlay-type":"","overlay-color":"","overlay-opacity":"","overlay-gradient":""}},"ast-content-background-meta":{"desktop":{"background-color":"var(--ast-global-color-5)","background-image":"","background-repeat":"repeat","background-position":"center center","background-size":"auto","background-attachment":"scroll","background-type":"","background-media":"","overlay-type":"","overlay-color":"","overlay-opacity":"","overlay-gradient":""},"tablet":{"background-color":"var(--ast-global-color-5)","background-image":"","background-repeat":"repeat","background-position":"center center","background-size":"auto","background-attachment":"scroll","background-type":"","background-media":"","overlay-type":"","overlay-color":"","overlay-opacity":"","overlay-gradient":""},"mobile":{"background-color":"var(--ast-global-color-5)","background-image":"","background-repeat":"repeat","background-position":"center center","background-size":"auto","background-attachment":"scroll","background-type":"","background-media":"","overlay-type":"","overlay-color":"","overlay-opacity":"","overlay-gradient":""}}},"product_brand":[],"product_cat":[122],"product_tag":[133,55,132,48,60,128,130,131,127,129],"class_list":{"0":"post-6285","1":"product","2":"type-product","3":"status-publish","4":"has-post-thumbnail","6":"product_cat-cards","7":"product_tag-appointment-card","8":"product_tag-botschaft-traktate","9":"product_tag-cards","10":"product_tag-christliche-traktate","11":"product_tag-crossquestions-traktate","12":"product_tag-die-terminkarte","13":"product_tag-die-terminkarten-crossquestions","14":"product_tag-karte","15":"product_tag-terminkarte","16":"product_tag-terminkarte-crossquestions","17":"desktop-align-left","18":"tablet-align-left","19":"mobile-align-left","21":"first","22":"instock","23":"sale","24":"taxable","25":"shipping-taxable","26":"purchasable","27":"product-type-simple"},"_links":{"self":[{"href":"https:\/\/www.crossquestions.org\/de\/wp-json\/wp\/v2\/product\/6285","targetHints":{"allow":["GET"]}}],"collection":[{"href":"https:\/\/www.crossquestions.org\/de\/wp-json\/wp\/v2\/product"}],"about":[{"href":"https:\/\/www.crossquestions.org\/de\/wp-json\/wp\/v2\/types\/product"}],"replies":[{"embeddable":true,"href":"https:\/\/www.crossquestions.org\/de\/wp-json\/wp\/v2\/comments?post=6285"}],"version-history":[{"count":5,"href":"https:\/\/www.crossquestions.org\/de\/wp-json\/wp\/v2\/product\/6285\/revisions"}],"predecessor-version":[{"id":10376,"href":"https:\/\/www.crossquestions.org\/de\/wp-json\/wp\/v2\/product\/6285\/revisions\/10376"}],"wp:featuredmedia":[{"embeddable":true,"href":"https:\/\/www.crossquestions.org\/de\/wp-json\/wp\/v2\/media\/6306"}],"wp:attachment":[{"href":"https:\/\/www.crossquestions.org\/de\/wp-json\/wp\/v2\/media?parent=6285"}],"wp:term":[{"taxonomy":"product_brand","embeddable":true,"href":"https:\/\/www.crossquestions.org\/de\/wp-json\/wp\/v2\/product_brand?post=6285"},{"taxonomy":"product_cat","embeddable":true,"href":"https:\/\/www.crossquestions.org\/de\/wp-json\/wp\/v2\/product_cat?post=6285"},{"taxonomy":"product_tag","embeddable":true,"href":"https:\/\/www.crossquestions.org\/de\/wp-json\/wp\/v2\/product_tag?post=6285"}],"curies":[{"name":"wp","href":"https:\/\/api.w.org\/{rel}","templated":true}]}}